{"id":507166,"date":"2024-01-08T12:50:54","date_gmt":"2024-01-08T12:50:54","guid":{"rendered":"https:\/\/yes.ba\/privacy-policy\/"},"modified":"2025-09-17T13:53:26","modified_gmt":"2025-09-17T13:53:26","slug":"politika-privatnosti","status":"publish","type":"page","link":"https:\/\/yes.ba\/bs\/politika-privatnosti\/","title":{"rendered":"Politika privatnosti"},"content":{"rendered":"\t\t<div data-elementor-type=\"wp-page\" data-elementor-id=\"507166\" class=\"elementor elementor-507166 elementor-3683\">\n\t\t\t\t<div class=\"elementor-element elementor-element-e0f177e e-flex e-con-boxed e-con e-parent\" data-id=\"e0f177e\" data-element_type=\"container\" data-e-type=\"container\">\n\t\t\t\t\t<div class=\"e-con-inner\">\n\t\t\t\t<div class=\"elementor-element elementor-element-b92cccd elementor-widget elementor-widget-spacer\" data-id=\"b92cccd\" data-element_type=\"widget\" data-e-type=\"widget\" data-widget_type=\"spacer.default\">\n\t\t\t\t<div class=\"elementor-widget-container\">\n\t\t\t\t\t\t\t<div class=\"elementor-spacer\">\n\t\t\t<div class=\"elementor-spacer-inner\"><\/div>\n\t\t<\/div>\n\t\t\t\t\t\t<\/div>\n\t\t\t\t<\/div>\n\t\t\t\t<div class=\"elementor-element elementor-element-f16cbea elementor-widget elementor-widget-heading\" data-id=\"f16cbea\" data-element_type=\"widget\" data-e-type=\"widget\" data-widget_type=\"heading.default\">\n\t\t\t\t<div class=\"elementor-widget-container\">\n\t\t\t\t\t<h2 class=\"elementor-heading-title elementor-size-default\">Va\u0161a privatnost nam je va\u017ena<\/h2>\t\t\t\t<\/div>\n\t\t\t\t<\/div>\n\t\t\t\t<div class=\"elementor-element elementor-element-36812da elementor-widget elementor-widget-text-editor\" data-id=\"36812da\" data-element_type=\"widget\" data-e-type=\"widget\" data-widget_type=\"text-editor.default\">\n\t\t\t\t<div class=\"elementor-widget-container\">\n\t\t\t\t\t\t\t\t\t<p data-start=\"78\" data-end=\"263\">Na Yes.ba posve\u0107eni smo za\u0161titi va\u0161e privatnosti. Ova politika obja\u0161njava kako prikupljamo, koristimo i \u010duvamo va\u0161e podatke kada posjetite na\u0161u web stranicu ili napravite rezervaciju.<\/p>\t\t\t\t\t\t\t\t<\/div>\n\t\t\t\t<\/div>\n\t\t\t\t<div class=\"elementor-element elementor-element-01ba329 elementor-widget elementor-widget-spacer\" data-id=\"01ba329\" data-element_type=\"widget\" data-e-type=\"widget\" data-widget_type=\"spacer.default\">\n\t\t\t\t<div class=\"elementor-widget-container\">\n\t\t\t\t\t\t\t<div class=\"elementor-spacer\">\n\t\t\t<div class=\"elementor-spacer-inner\"><\/div>\n\t\t<\/div>\n\t\t\t\t\t\t<\/div>\n\t\t\t\t<\/div>\n\t\t\t\t<div class=\"elementor-element elementor-element-3f0572f elementor-widget elementor-widget-heading\" data-id=\"3f0572f\" data-element_type=\"widget\" data-e-type=\"widget\" data-widget_type=\"heading.default\">\n\t\t\t\t<div class=\"elementor-widget-container\">\n\t\t\t\t\t<h2 class=\"elementor-heading-title elementor-size-default\">Podaci koje prikupljamo<\/h2>\t\t\t\t<\/div>\n\t\t\t\t<\/div>\n\t\t\t\t<div class=\"elementor-element elementor-element-337a064 elementor-widget elementor-widget-text-editor\" data-id=\"337a064\" data-element_type=\"widget\" data-e-type=\"widget\" data-widget_type=\"text-editor.default\">\n\t\t\t\t<div class=\"elementor-widget-container\">\n\t\t\t\t\t\t\t\t\t<p data-start=\"300\" data-end=\"345\">Prikupljamo sljede\u0107e vrste li\u010dnih podataka:<\/p><ul><li data-start=\"347\" data-end=\"460\"><p data-start=\"349\" data-end=\"460\"><strong data-start=\"349\" data-end=\"374\">Detalji o rezervaciji<\/strong> \u2013 ime, e-mail, broj telefona, lokacija preuzimanja\/vra\u0107anja, preferencije pri najmu<\/p><\/li><li data-start=\"461\" data-end=\"551\"><p data-start=\"463\" data-end=\"551\"><strong data-start=\"463\" data-end=\"489\">Identifikacioni podaci<\/strong> \u2013 voza\u010dka dozvola, paso\u0161 (kada je potrebno za verifikaciju)<\/p><\/li><li data-start=\"552\" data-end=\"659\"><p data-start=\"554\" data-end=\"659\"><strong data-start=\"554\" data-end=\"575\">Podaci o pla\u0107anju<\/strong> \u2013 podaci o kartici (obra\u0111uju se sigurno putem tre\u0107ih strana \u2013 procesora pla\u0107anja)<\/p><\/li><li data-start=\"660\" data-end=\"764\"><p data-start=\"662\" data-end=\"764\"><strong data-start=\"662\" data-end=\"681\">Tehni\u010dki podaci<\/strong> \u2013 IP adresa, tip pretra\u017eiva\u010da, jezi\u010dke postavke, podaci o ure\u0111aju (za analitiku)<\/p><\/li><\/ul>\t\t\t\t\t\t\t\t<\/div>\n\t\t\t\t<\/div>\n\t\t\t\t<div class=\"elementor-element elementor-element-5b308b7 elementor-widget elementor-widget-spacer\" data-id=\"5b308b7\" data-element_type=\"widget\" data-e-type=\"widget\" data-widget_type=\"spacer.default\">\n\t\t\t\t<div class=\"elementor-widget-container\">\n\t\t\t\t\t\t\t<div class=\"elementor-spacer\">\n\t\t\t<div class=\"elementor-spacer-inner\"><\/div>\n\t\t<\/div>\n\t\t\t\t\t\t<\/div>\n\t\t\t\t<\/div>\n\t\t\t\t<div class=\"elementor-element elementor-element-55b8b20 elementor-widget elementor-widget-heading\" data-id=\"55b8b20\" data-element_type=\"widget\" data-e-type=\"widget\" data-widget_type=\"heading.default\">\n\t\t\t\t<div class=\"elementor-widget-container\">\n\t\t\t\t\t<h2 class=\"elementor-heading-title elementor-size-default\">Kako koristimo va\u0161e podatke<\/h2>\t\t\t\t<\/div>\n\t\t\t\t<\/div>\n\t\t\t\t<div class=\"elementor-element elementor-element-f78573d elementor-widget elementor-widget-text-editor\" data-id=\"f78573d\" data-element_type=\"widget\" data-e-type=\"widget\" data-widget_type=\"text-editor.default\">\n\t\t\t\t<div class=\"elementor-widget-container\">\n\t\t\t\t\t\t\t\t\t<p data-start=\"69\" data-end=\"107\">Va\u0161e informacije koristimo da bismo:<\/p><ul data-start=\"109\" data-end=\"360\"><li data-start=\"109\" data-end=\"144\"><p data-start=\"111\" data-end=\"144\">Obradili rezervacije i pla\u0107anja<\/p><\/li><li data-start=\"145\" data-end=\"196\"><p data-start=\"147\" data-end=\"196\">Potvrdili va\u0161 najam i pru\u017eili a\u017euriranja usluga<\/p><\/li><li data-start=\"197\" data-end=\"261\"><p data-start=\"199\" data-end=\"261\">Odgovorili na zahtjeve podr\u0161ke i komunikaciju sa korisnicima<\/p><\/li><li data-start=\"262\" data-end=\"316\"><p data-start=\"264\" data-end=\"316\">Pobolj\u0161ali na\u0161u web stranicu i korisni\u010dko iskustvo<\/p><\/li><li data-start=\"317\" data-end=\"360\"><p data-start=\"319\" data-end=\"360\">Ispunili zakonske i regulatorne obaveze<\/p><\/li><\/ul>\t\t\t\t\t\t\t\t<\/div>\n\t\t\t\t<\/div>\n\t\t\t\t<div class=\"elementor-element elementor-element-26ba6e7 elementor-widget elementor-widget-spacer\" data-id=\"26ba6e7\" data-element_type=\"widget\" data-e-type=\"widget\" data-widget_type=\"spacer.default\">\n\t\t\t\t<div class=\"elementor-widget-container\">\n\t\t\t\t\t\t\t<div class=\"elementor-spacer\">\n\t\t\t<div class=\"elementor-spacer-inner\"><\/div>\n\t\t<\/div>\n\t\t\t\t\t\t<\/div>\n\t\t\t\t<\/div>\n\t\t\t\t<div class=\"elementor-element elementor-element-0962b2f elementor-widget elementor-widget-heading\" data-id=\"0962b2f\" data-element_type=\"widget\" data-e-type=\"widget\" data-widget_type=\"heading.default\">\n\t\t\t\t<div class=\"elementor-widget-container\">\n\t\t\t\t\t<h2 class=\"elementor-heading-title elementor-size-default\">Kako su va\u0161i podaci za\u0161ti\u0107eni<\/h2>\t\t\t\t<\/div>\n\t\t\t\t<\/div>\n\t\t\t\t<div class=\"elementor-element elementor-element-0ecac96 elementor-widget elementor-widget-text-editor\" data-id=\"0ecac96\" data-element_type=\"widget\" data-e-type=\"widget\" data-widget_type=\"text-editor.default\">\n\t\t\t\t<div class=\"elementor-widget-container\">\n\t\t\t\t\t\t\t\t\t<p data-start=\"71\" data-end=\"145\">Primjenjujemo tehni\u010dke i organizacijske mjere za za\u0161titu va\u0161ih podataka:<\/p><ul data-start=\"147\" data-end=\"420\"><li data-start=\"147\" data-end=\"179\"><p data-start=\"149\" data-end=\"179\">Enkriptovane konekcije (SSL)<\/p><\/li><li data-start=\"180\" data-end=\"237\"><p data-start=\"182\" data-end=\"237\">Sigurno skladi\u0161tenje podataka s ograni\u010denim pristupom<\/p><\/li><li data-start=\"238\" data-end=\"286\"><p data-start=\"240\" data-end=\"286\">Partnerstva s pouzdanim procesorima pla\u0107anja<\/p><\/li><li data-start=\"287\" data-end=\"341\"><p data-start=\"289\" data-end=\"341\">Redovno sigurnosno pra\u0107enje i sistemska a\u017euriranja<\/p><\/li><li data-start=\"342\" data-end=\"420\"><p data-start=\"344\" data-end=\"420\">Mi <strong data-start=\"347\" data-end=\"382\">ne prodajemo niti iznajmljujemo<\/strong> va\u0161e li\u010dne podatke tre\u0107im stranama.<\/p><\/li><\/ul>\t\t\t\t\t\t\t\t<\/div>\n\t\t\t\t<\/div>\n\t\t\t\t<div class=\"elementor-element elementor-element-8415baf elementor-widget elementor-widget-spacer\" data-id=\"8415baf\" data-element_type=\"widget\" data-e-type=\"widget\" data-widget_type=\"spacer.default\">\n\t\t\t\t<div class=\"elementor-widget-container\">\n\t\t\t\t\t\t\t<div class=\"elementor-spacer\">\n\t\t\t<div class=\"elementor-spacer-inner\"><\/div>\n\t\t<\/div>\n\t\t\t\t\t\t<\/div>\n\t\t\t\t<\/div>\n\t\t\t\t<div class=\"elementor-element elementor-element-14b5726 elementor-widget elementor-widget-heading\" data-id=\"14b5726\" data-element_type=\"widget\" data-e-type=\"widget\" data-widget_type=\"heading.default\">\n\t\t\t\t<div class=\"elementor-widget-container\">\n\t\t\t\t\t<h2 class=\"elementor-heading-title elementor-size-default\">Usluge tre\u0107ih strana<\/h2>\t\t\t\t<\/div>\n\t\t\t\t<\/div>\n\t\t\t\t<div class=\"elementor-element elementor-element-e9e1494 elementor-widget elementor-widget-text-editor\" data-id=\"e9e1494\" data-element_type=\"widget\" data-e-type=\"widget\" data-widget_type=\"text-editor.default\">\n\t\t\t\t<div class=\"elementor-widget-container\">\n\t\t\t\t\t\t\t\t\t<p data-start=\"454\" data-end=\"493\">Va\u0161e podatke mo\u017eemo dijeliti samo sa:<\/p><ul data-start=\"495\" data-end=\"669\"><li data-start=\"495\" data-end=\"541\"><p data-start=\"497\" data-end=\"541\">Platnim servisima (za sigurne transakcije)<\/p><\/li><li data-start=\"542\" data-end=\"608\"><p data-start=\"544\" data-end=\"608\">Partnerskim rent-a-car pru\u017eaocima (za realizaciju rezervacija)<\/p><\/li><li data-start=\"609\" data-end=\"669\"><p data-start=\"611\" data-end=\"669\">Pru\u017eaocima usluga (za analitiku ili e-mail komunikaciju)<\/p><\/li><\/ul><p data-start=\"671\" data-end=\"748\">Sve tre\u0107e strane su provjerene u skladu sa standardima za\u0161tite privatnosti.<\/p>\t\t\t\t\t\t\t\t<\/div>\n\t\t\t\t<\/div>\n\t\t\t\t<div class=\"elementor-element elementor-element-021b485 elementor-widget elementor-widget-spacer\" data-id=\"021b485\" data-element_type=\"widget\" data-e-type=\"widget\" data-widget_type=\"spacer.default\">\n\t\t\t\t<div class=\"elementor-widget-container\">\n\t\t\t\t\t\t\t<div class=\"elementor-spacer\">\n\t\t\t<div class=\"elementor-spacer-inner\"><\/div>\n\t\t<\/div>\n\t\t\t\t\t\t<\/div>\n\t\t\t\t<\/div>\n\t\t\t\t<div class=\"elementor-element elementor-element-257d236 elementor-widget elementor-widget-heading\" data-id=\"257d236\" data-element_type=\"widget\" data-e-type=\"widget\" data-widget_type=\"heading.default\">\n\t\t\t\t<div class=\"elementor-widget-container\">\n\t\t\t\t\t<h2 class=\"elementor-heading-title elementor-size-default\">Va\u0161a prava<\/h2>\t\t\t\t<\/div>\n\t\t\t\t<\/div>\n\t\t\t\t<div class=\"elementor-element elementor-element-bf105ae elementor-widget elementor-widget-text-editor\" data-id=\"bf105ae\" data-element_type=\"widget\" data-e-type=\"widget\" data-widget_type=\"text-editor.default\">\n\t\t\t\t<div class=\"elementor-widget-container\">\n\t\t\t\t\t\t\t\t\t<p data-start=\"71\" data-end=\"143\">U skladu sa GDPR-om i lokalnim zakonima o privatnosti, imate pravo na:<\/p><ul data-start=\"145\" data-end=\"368\"><li data-start=\"145\" data-end=\"191\"><p data-start=\"147\" data-end=\"191\">Pristup li\u010dnim podacima koje \u010duvamo o vama<\/p><\/li><li data-start=\"192\" data-end=\"243\"><p data-start=\"194\" data-end=\"243\">Zahtjev za ispravku ili brisanje va\u0161ih podataka<\/p><\/li><li data-start=\"244\" data-end=\"310\"><p data-start=\"246\" data-end=\"310\">Povla\u010denje pristanka ili prigovor na odre\u0111ene svrhe kori\u0161tenja<\/p><\/li><li data-start=\"311\" data-end=\"368\"><p data-start=\"313\" data-end=\"368\">Zahtjev za kopiju va\u0161ih podataka u prenosivom formatu<\/p><\/li><\/ul><p data-start=\"370\" data-end=\"429\">Za podno\u0161enje zahtjeva, pi\u0161ite nam na <strong data-start=\"408\" data-end=\"426\"><a class=\"decorated-link cursor-pointer\" rel=\"noopener\" data-start=\"410\" data-end=\"424\">privacy@yes.ba<\/a><\/strong>.<\/p>\t\t\t\t\t\t\t\t<\/div>\n\t\t\t\t<\/div>\n\t\t\t\t<div class=\"elementor-element elementor-element-3352a5d elementor-widget elementor-widget-spacer\" data-id=\"3352a5d\" data-element_type=\"widget\" data-e-type=\"widget\" data-widget_type=\"spacer.default\">\n\t\t\t\t<div class=\"elementor-widget-container\">\n\t\t\t\t\t\t\t<div class=\"elementor-spacer\">\n\t\t\t<div class=\"elementor-spacer-inner\"><\/div>\n\t\t<\/div>\n\t\t\t\t\t\t<\/div>\n\t\t\t\t<\/div>\n\t\t\t\t<div class=\"elementor-element elementor-element-483a10f elementor-widget elementor-widget-heading\" data-id=\"483a10f\" data-element_type=\"widget\" data-e-type=\"widget\" data-widget_type=\"heading.default\">\n\t\t\t\t<div class=\"elementor-widget-container\">\n\t\t\t\t\t<h2 class=\"elementor-heading-title elementor-size-default\">Kola\u010di\u0107i (Cookies)<\/h2>\t\t\t\t<\/div>\n\t\t\t\t<\/div>\n\t\t\t\t<div class=\"elementor-element elementor-element-0356f87 elementor-widget elementor-widget-text-editor\" data-id=\"0356f87\" data-element_type=\"widget\" data-e-type=\"widget\" data-widget_type=\"text-editor.default\">\n\t\t\t\t<div class=\"elementor-widget-container\">\n\t\t\t\t\t\t\t\t\t<p data-start=\"461\" data-end=\"676\">Koristimo kola\u010di\u0107e kako bismo pobolj\u0161ali va\u0161e korisni\u010dko iskustvo i analizirali saobra\u0107aj na web stranici. Kori\u0161tenjem na\u0161e web stranice pristajete na upotrebu kola\u010di\u0107a u skladu s na\u0161om <strong data-start=\"647\" data-end=\"673\">Politikom o kola\u010di\u0107ima<\/strong>.<\/p>\t\t\t\t\t\t\t\t<\/div>\n\t\t\t\t<\/div>\n\t\t\t\t<div class=\"elementor-element elementor-element-3cd8d23 elementor-widget elementor-widget-spacer\" data-id=\"3cd8d23\" data-element_type=\"widget\" data-e-type=\"widget\" data-widget_type=\"spacer.default\">\n\t\t\t\t<div class=\"elementor-widget-container\">\n\t\t\t\t\t\t\t<div class=\"elementor-spacer\">\n\t\t\t<div class=\"elementor-spacer-inner\"><\/div>\n\t\t<\/div>\n\t\t\t\t\t\t<\/div>\n\t\t\t\t<\/div>\n\t\t\t\t<div class=\"elementor-element elementor-element-6e13024 elementor-widget elementor-widget-heading\" data-id=\"6e13024\" data-element_type=\"widget\" data-e-type=\"widget\" data-widget_type=\"heading.default\">\n\t\t\t\t<div class=\"elementor-widget-container\">\n\t\t\t\t\t<h2 class=\"elementor-heading-title elementor-size-default\">A\u017euriranje politike<\/h2>\t\t\t\t<\/div>\n\t\t\t\t<\/div>\n\t\t\t\t<div class=\"elementor-element elementor-element-b480f54 elementor-widget elementor-widget-text-editor\" data-id=\"b480f54\" data-element_type=\"widget\" data-e-type=\"widget\" data-widget_type=\"text-editor.default\">\n\t\t\t\t<div class=\"elementor-widget-container\">\n\t\t\t\t\t\t\t\t\t<p data-start=\"709\" data-end=\"856\">Ova Politika privatnosti mo\u017ee se povremeno a\u017eurirati. Najnovija verzija uvijek \u0107e biti dostupna na ovoj stranici, sa datumom posljednje revizije.<\/p><p data-start=\"858\" data-end=\"902\"><strong data-start=\"858\" data-end=\"884\">Posljednje a\u017euriranje:<\/strong> 04. april 2025.<\/p>\t\t\t\t\t\t\t\t<\/div>\n\t\t\t\t<\/div>\n\t\t\t\t<div class=\"elementor-element elementor-element-80d0c3d elementor-widget elementor-widget-spacer\" data-id=\"80d0c3d\" data-element_type=\"widget\" data-e-type=\"widget\" data-widget_type=\"spacer.default\">\n\t\t\t\t<div class=\"elementor-widget-container\">\n\t\t\t\t\t\t\t<div class=\"elementor-spacer\">\n\t\t\t<div class=\"elementor-spacer-inner\"><\/div>\n\t\t<\/div>\n\t\t\t\t\t\t<\/div>\n\t\t\t\t<\/div>\n\t\t\t\t<div class=\"elementor-element elementor-element-7156a3a elementor-widget elementor-widget-heading\" data-id=\"7156a3a\" data-element_type=\"widget\" data-e-type=\"widget\" data-widget_type=\"heading.default\">\n\t\t\t\t<div class=\"elementor-widget-container\">\n\t\t\t\t\t<h2 class=\"elementor-heading-title elementor-size-default\">Kontakt<\/h2>\t\t\t\t<\/div>\n\t\t\t\t<\/div>\n\t\t\t\t<div class=\"elementor-element elementor-element-c008cf5 elementor-widget elementor-widget-text-editor\" data-id=\"c008cf5\" data-element_type=\"widget\" data-e-type=\"widget\" data-widget_type=\"text-editor.default\">\n\t\t\t\t<div class=\"elementor-widget-container\">\n\t\t\t\t\t\t\t\t\t<p data-start=\"52\" data-end=\"140\">Za pitanja ili zahtjeve vezane za privatnost, kontaktirajte nas na: <strong data-start=\"120\" data-end=\"138\"><a class=\"decorated-link cursor-pointer\" rel=\"noopener\" data-start=\"122\" data-end=\"136\">privacy@yes.ba<\/a><\/strong><\/p>\t\t\t\t\t\t\t\t<\/div>\n\t\t\t\t<\/div>\n\t\t\t\t<div class=\"elementor-element elementor-element-3cd5b29 elementor-widget elementor-widget-spacer\" data-id=\"3cd5b29\" data-element_type=\"widget\" data-e-type=\"widget\" data-widget_type=\"spacer.default\">\n\t\t\t\t<div class=\"elementor-widget-container\">\n\t\t\t\t\t\t\t<div class=\"elementor-spacer\">\n\t\t\t<div class=\"elementor-spacer-inner\"><\/div>\n\t\t<\/div>\n\t\t\t\t\t\t<\/div>\n\t\t\t\t<\/div>\n\t\t\t\t\t<\/div>\n\t\t\t\t<\/div>\n\t\t\t\t<\/div>\n\t\t","protected":false},"excerpt":{"rendered":"<p>Va\u0161a privatnost nam je va\u017ena Na Yes.ba posve\u0107eni smo za\u0161titi va\u0161e privatnosti. Ova politika obja\u0161njava kako prikupljamo, koristimo i \u010duvamo va\u0161e podatke kada posjetite na\u0161u web stranicu ili napravite rezervaciju. Podaci koje prikupljamo Prikupljamo sljede\u0107e vrste li\u010dnih podataka: Detalji o rezervaciji \u2013 ime, e-mail, broj telefona, lokacija preuzimanja\/vra\u0107anja, preferencije pri najmu Identifikacioni podaci \u2013 voza\u010dka [&hellip;]<\/p>\n","protected":false},"author":1,"featured_media":0,"parent":0,"menu_order":0,"comment_status":"closed","ping_status":"closed","template":"templates\/elementor-page-template.php","meta":{"_acf_changed":false,"footnotes":""},"class_list":["post-507166","page","type-page","status-publish","hentry"],"acf":[],"yoast_head":"<!-- This site is optimized with the Yoast SEO plugin v27.3 - https:\/\/yoast.com\/product\/yoast-seo-wordpress\/ -->\n<title>Politika privatnosti - Yes Rent a Car \u2013 100% Trusted Car Rental in Bosnia and Herzegovina<\/title>\n<meta name=\"robots\" content=\"index, follow, max-snippet:-1, max-image-preview:large, max-video-preview:-1\" \/>\n<link rel=\"canonical\" href=\"https:\/\/yes.ba\/bs\/politika-privatnosti\/\" \/>\n<meta property=\"og:locale\" content=\"bs_BA\" \/>\n<meta property=\"og:type\" content=\"article\" \/>\n<meta property=\"og:title\" content=\"Politika privatnosti - Yes Rent a Car \u2013 100% Trusted Car Rental in Bosnia and Herzegovina\" \/>\n<meta property=\"og:description\" content=\"Va\u0161a privatnost nam je va\u017ena Na Yes.ba posve\u0107eni smo za\u0161titi va\u0161e privatnosti. Ova politika obja\u0161njava kako prikupljamo, koristimo i \u010duvamo va\u0161e podatke kada posjetite na\u0161u web stranicu ili napravite rezervaciju. Podaci koje prikupljamo Prikupljamo sljede\u0107e vrste li\u010dnih podataka: Detalji o rezervaciji \u2013 ime, e-mail, broj telefona, lokacija preuzimanja\/vra\u0107anja, preferencije pri najmu Identifikacioni podaci \u2013 voza\u010dka [&hellip;]\" \/>\n<meta property=\"og:url\" content=\"https:\/\/yes.ba\/bs\/politika-privatnosti\/\" \/>\n<meta property=\"og:site_name\" content=\"Yes Rent a Car \u2013 100% Trusted Car Rental in Bosnia and Herzegovina\" \/>\n<meta property=\"article:modified_time\" content=\"2025-09-17T13:53:26+00:00\" \/>\n<meta name=\"twitter:card\" content=\"summary_large_image\" \/>\n<meta name=\"twitter:label1\" content=\"Est. reading time\" \/>\n\t<meta name=\"twitter:data1\" content=\"2 minute\" \/>\n<script type=\"application\/ld+json\" class=\"yoast-schema-graph\">{\"@context\":\"https:\\\/\\\/schema.org\",\"@graph\":[{\"@type\":\"WebPage\",\"@id\":\"https:\\\/\\\/yes.ba\\\/bs\\\/politika-privatnosti\\\/\",\"url\":\"https:\\\/\\\/yes.ba\\\/bs\\\/politika-privatnosti\\\/\",\"name\":\"Politika privatnosti - Yes Rent a Car \u2013 100% Trusted Car Rental in Bosnia and Herzegovina\",\"isPartOf\":{\"@id\":\"https:\\\/\\\/yes.ba\\\/bs\\\/#website\"},\"datePublished\":\"2024-01-08T12:50:54+00:00\",\"dateModified\":\"2025-09-17T13:53:26+00:00\",\"breadcrumb\":{\"@id\":\"https:\\\/\\\/yes.ba\\\/bs\\\/politika-privatnosti\\\/#breadcrumb\"},\"inLanguage\":\"bs-BA\",\"potentialAction\":[{\"@type\":\"ReadAction\",\"target\":[\"https:\\\/\\\/yes.ba\\\/bs\\\/politika-privatnosti\\\/\"]}]},{\"@type\":\"BreadcrumbList\",\"@id\":\"https:\\\/\\\/yes.ba\\\/bs\\\/politika-privatnosti\\\/#breadcrumb\",\"itemListElement\":[{\"@type\":\"ListItem\",\"position\":1,\"name\":\"Home\",\"item\":\"https:\\\/\\\/yes.ba\\\/bs\\\/\"},{\"@type\":\"ListItem\",\"position\":2,\"name\":\"Politika privatnosti\"}]},{\"@type\":\"WebSite\",\"@id\":\"https:\\\/\\\/yes.ba\\\/bs\\\/#website\",\"url\":\"https:\\\/\\\/yes.ba\\\/bs\\\/\",\"name\":\"yes.ba\",\"description\":\"\",\"potentialAction\":[{\"@type\":\"SearchAction\",\"target\":{\"@type\":\"EntryPoint\",\"urlTemplate\":\"https:\\\/\\\/yes.ba\\\/bs\\\/?s={search_term_string}\"},\"query-input\":{\"@type\":\"PropertyValueSpecification\",\"valueRequired\":true,\"valueName\":\"search_term_string\"}}],\"inLanguage\":\"bs-BA\"}]}<\/script>\n<!-- \/ Yoast SEO plugin. -->","yoast_head_json":{"title":"Politika privatnosti - Yes Rent a Car \u2013 100% Trusted Car Rental in Bosnia and Herzegovina","robots":{"index":"index","follow":"follow","max-snippet":"max-snippet:-1","max-image-preview":"max-image-preview:large","max-video-preview":"max-video-preview:-1"},"canonical":"https:\/\/yes.ba\/bs\/politika-privatnosti\/","og_locale":"bs_BA","og_type":"article","og_title":"Politika privatnosti - Yes Rent a Car \u2013 100% Trusted Car Rental in Bosnia and Herzegovina","og_description":"Va\u0161a privatnost nam je va\u017ena Na Yes.ba posve\u0107eni smo za\u0161titi va\u0161e privatnosti. Ova politika obja\u0161njava kako prikupljamo, koristimo i \u010duvamo va\u0161e podatke kada posjetite na\u0161u web stranicu ili napravite rezervaciju. Podaci koje prikupljamo Prikupljamo sljede\u0107e vrste li\u010dnih podataka: Detalji o rezervaciji \u2013 ime, e-mail, broj telefona, lokacija preuzimanja\/vra\u0107anja, preferencije pri najmu Identifikacioni podaci \u2013 voza\u010dka [&hellip;]","og_url":"https:\/\/yes.ba\/bs\/politika-privatnosti\/","og_site_name":"Yes Rent a Car \u2013 100% Trusted Car Rental in Bosnia and Herzegovina","article_modified_time":"2025-09-17T13:53:26+00:00","twitter_card":"summary_large_image","twitter_misc":{"Est. reading time":"2 minute"},"schema":{"@context":"https:\/\/schema.org","@graph":[{"@type":"WebPage","@id":"https:\/\/yes.ba\/bs\/politika-privatnosti\/","url":"https:\/\/yes.ba\/bs\/politika-privatnosti\/","name":"Politika privatnosti - Yes Rent a Car \u2013 100% Trusted Car Rental in Bosnia and Herzegovina","isPartOf":{"@id":"https:\/\/yes.ba\/bs\/#website"},"datePublished":"2024-01-08T12:50:54+00:00","dateModified":"2025-09-17T13:53:26+00:00","breadcrumb":{"@id":"https:\/\/yes.ba\/bs\/politika-privatnosti\/#breadcrumb"},"inLanguage":"bs-BA","potentialAction":[{"@type":"ReadAction","target":["https:\/\/yes.ba\/bs\/politika-privatnosti\/"]}]},{"@type":"BreadcrumbList","@id":"https:\/\/yes.ba\/bs\/politika-privatnosti\/#breadcrumb","itemListElement":[{"@type":"ListItem","position":1,"name":"Home","item":"https:\/\/yes.ba\/bs\/"},{"@type":"ListItem","position":2,"name":"Politika privatnosti"}]},{"@type":"WebSite","@id":"https:\/\/yes.ba\/bs\/#website","url":"https:\/\/yes.ba\/bs\/","name":"yes.ba","description":"","potentialAction":[{"@type":"SearchAction","target":{"@type":"EntryPoint","urlTemplate":"https:\/\/yes.ba\/bs\/?s={search_term_string}"},"query-input":{"@type":"PropertyValueSpecification","valueRequired":true,"valueName":"search_term_string"}}],"inLanguage":"bs-BA"}]}},"_links":{"self":[{"href":"https:\/\/yes.ba\/bs\/wp-json\/wp\/v2\/pages\/507166","targetHints":{"allow":["GET"]}}],"collection":[{"href":"https:\/\/yes.ba\/bs\/wp-json\/wp\/v2\/pages"}],"about":[{"href":"https:\/\/yes.ba\/bs\/wp-json\/wp\/v2\/types\/page"}],"author":[{"embeddable":true,"href":"https:\/\/yes.ba\/bs\/wp-json\/wp\/v2\/users\/1"}],"replies":[{"embeddable":true,"href":"https:\/\/yes.ba\/bs\/wp-json\/wp\/v2\/comments?post=507166"}],"version-history":[{"count":9,"href":"https:\/\/yes.ba\/bs\/wp-json\/wp\/v2\/pages\/507166\/revisions"}],"predecessor-version":[{"id":507218,"href":"https:\/\/yes.ba\/bs\/wp-json\/wp\/v2\/pages\/507166\/revisions\/507218"}],"wp:attachment":[{"href":"https:\/\/yes.ba\/bs\/wp-json\/wp\/v2\/media?parent=507166"}],"curies":[{"name":"wp","href":"https:\/\/api.w.org\/{rel}","templated":true}]}}