{"id":507159,"date":"2024-01-08T12:50:39","date_gmt":"2024-01-08T12:50:39","guid":{"rendered":"https:\/\/yes.ba\/terms-and-conditions\/"},"modified":"2025-09-16T19:56:03","modified_gmt":"2025-09-16T19:56:03","slug":"uslovi-i-pravila","status":"publish","type":"page","link":"https:\/\/yes.ba\/bs\/uslovi-i-pravila\/","title":{"rendered":"Uslovi i pravila"},"content":{"rendered":"\t\t<div data-elementor-type=\"wp-page\" data-elementor-id=\"507159\" class=\"elementor elementor-507159 elementor-3682\">\n\t\t\t\t\t\t<section class=\"elementor-section elementor-top-section elementor-element elementor-element-7647cc0 privacy-section elementor-section-boxed elementor-section-height-default elementor-section-height-default\" data-id=\"7647cc0\" data-element_type=\"section\" data-e-type=\"section\">\n\t\t\t\t\t\t<div class=\"elementor-container elementor-column-gap-default\">\n\t\t\t\t\t<div class=\"elementor-column elementor-col-100 elementor-top-column elementor-element elementor-element-e53a873\" data-id=\"e53a873\" data-element_type=\"column\" data-e-type=\"column\">\n\t\t\t<div class=\"elementor-widget-wrap elementor-element-populated\">\n\t\t\t\t\t\t<div class=\"elementor-element elementor-element-07a7ef0 elementor-widget elementor-widget-heading\" data-id=\"07a7ef0\" data-element_type=\"widget\" data-e-type=\"widget\" data-widget_type=\"heading.default\">\n\t\t\t\t<div class=\"elementor-widget-container\">\n\t\t\t\t\t<h2 class=\"elementor-heading-title elementor-size-default\">Recite DA bezbri\u017enom putovanju<\/h2>\t\t\t\t<\/div>\n\t\t\t\t<\/div>\n\t\t\t\t<div class=\"elementor-element elementor-element-9e5ba2a elementor-widget elementor-widget-text-editor\" data-id=\"9e5ba2a\" data-element_type=\"widget\" data-e-type=\"widget\" data-widget_type=\"text-editor.default\">\n\t\t\t\t<div class=\"elementor-widget-container\">\n\t\t\t\t\t\t\t\t\t<p data-start=\"108\" data-end=\"293\">Kori\u0161tenjem Yes.ba web stranice i rezervacijom vozila putem na\u0161e platforme, saglasni ste sa sljede\u0107im uslovima i pravilima za rezervacije napravljene online, putem telefona ili li\u010dno.<\/p>\t\t\t\t\t\t\t\t<\/div>\n\t\t\t\t<\/div>\n\t\t\t\t<div class=\"elementor-element elementor-element-cc7fcf4 elementor-widget elementor-widget-spacer\" data-id=\"cc7fcf4\" data-element_type=\"widget\" data-e-type=\"widget\" data-widget_type=\"spacer.default\">\n\t\t\t\t<div class=\"elementor-widget-container\">\n\t\t\t\t\t\t\t<div class=\"elementor-spacer\">\n\t\t\t<div class=\"elementor-spacer-inner\"><\/div>\n\t\t<\/div>\n\t\t\t\t\t\t<\/div>\n\t\t\t\t<\/div>\n\t\t\t\t<div class=\"elementor-element elementor-element-26db335 elementor-widget elementor-widget-heading\" data-id=\"26db335\" data-element_type=\"widget\" data-e-type=\"widget\" data-widget_type=\"heading.default\">\n\t\t\t\t<div class=\"elementor-widget-container\">\n\t\t\t\t\t<h2 class=\"elementor-heading-title elementor-size-default\">Uslovi za iznajmljivanje<\/h2>\t\t\t\t<\/div>\n\t\t\t\t<\/div>\n\t\t\t\t<div class=\"elementor-element elementor-element-bec34a7 elementor-widget elementor-widget-text-editor\" data-id=\"bec34a7\" data-element_type=\"widget\" data-e-type=\"widget\" data-widget_type=\"text-editor.default\">\n\t\t\t\t<div class=\"elementor-widget-container\">\n\t\t\t\t\t\t\t\t\t<ul><li data-start=\"331\" data-end=\"410\"><p data-start=\"333\" data-end=\"410\">Voza\u010di moraju imati najmanje 21 godinu (25+ za odre\u0111ene kategorije vozila).<\/p><\/li><li data-start=\"411\" data-end=\"488\"><p data-start=\"413\" data-end=\"488\">Potrebna je va\u017ee\u0107a voza\u010dka dozvola koja je u posjedu najmanje 12 mjeseci.<\/p><\/li><li data-start=\"489\" data-end=\"577\"><p data-start=\"491\" data-end=\"577\">Me\u0111unarodna voza\u010dka dozvola mo\u017ee biti obavezna za dokumente na nelatini\u010dnim pismima.<\/p><\/li><li data-start=\"578\" data-end=\"670\"><p data-start=\"580\" data-end=\"670\">Glavni voza\u010d mora dostaviti va\u017ee\u0107i li\u010dni dokument\/paso\u0161 te kreditnu ili debitnu karticu.<\/p><\/li><\/ul>\t\t\t\t\t\t\t\t<\/div>\n\t\t\t\t<\/div>\n\t\t\t\t<div class=\"elementor-element elementor-element-21d5c12 elementor-widget elementor-widget-spacer\" data-id=\"21d5c12\" data-element_type=\"widget\" data-e-type=\"widget\" data-widget_type=\"spacer.default\">\n\t\t\t\t<div class=\"elementor-widget-container\">\n\t\t\t\t\t\t\t<div class=\"elementor-spacer\">\n\t\t\t<div class=\"elementor-spacer-inner\"><\/div>\n\t\t<\/div>\n\t\t\t\t\t\t<\/div>\n\t\t\t\t<\/div>\n\t\t\t\t<div class=\"elementor-element elementor-element-dc28892 elementor-widget elementor-widget-heading\" data-id=\"dc28892\" data-element_type=\"widget\" data-e-type=\"widget\" data-widget_type=\"heading.default\">\n\t\t\t\t<div class=\"elementor-widget-container\">\n\t\t\t\t\t<h2 class=\"elementor-heading-title elementor-size-default\">Rezervacija i pla\u0107anje<\/h2>\t\t\t\t<\/div>\n\t\t\t\t<\/div>\n\t\t\t\t<div class=\"elementor-element elementor-element-ded0ed5 elementor-widget elementor-widget-text-editor\" data-id=\"ded0ed5\" data-element_type=\"widget\" data-e-type=\"widget\" data-widget_type=\"text-editor.default\">\n\t\t\t\t<div class=\"elementor-widget-container\">\n\t\t\t\t\t\t\t\t\t<ul><li data-start=\"706\" data-end=\"784\"><p data-start=\"708\" data-end=\"784\">Rezervacije se potvr\u0111uju tek nakon uspje\u0161ne uplate ili odobrenja depozita.<\/p><\/li><li data-start=\"785\" data-end=\"865\"><p data-start=\"787\" data-end=\"865\">Potpuna uplata ili preautorizacija depozita je obavezna prije po\u010detka najma.<\/p><\/li><li data-start=\"866\" data-end=\"960\"><p data-start=\"868\" data-end=\"960\">Prikazane cijene uklju\u010duju standardne naknade i poreze, osim ako nije druga\u010dije nazna\u010deno.<\/p><\/li><\/ul>\t\t\t\t\t\t\t\t<\/div>\n\t\t\t\t<\/div>\n\t\t\t\t<div class=\"elementor-element elementor-element-3430589 elementor-widget elementor-widget-spacer\" data-id=\"3430589\" data-element_type=\"widget\" data-e-type=\"widget\" data-widget_type=\"spacer.default\">\n\t\t\t\t<div class=\"elementor-widget-container\">\n\t\t\t\t\t\t\t<div class=\"elementor-spacer\">\n\t\t\t<div class=\"elementor-spacer-inner\"><\/div>\n\t\t<\/div>\n\t\t\t\t\t\t<\/div>\n\t\t\t\t<\/div>\n\t\t\t\t<div class=\"elementor-element elementor-element-882d182 elementor-widget elementor-widget-heading\" data-id=\"882d182\" data-element_type=\"widget\" data-e-type=\"widget\" data-widget_type=\"heading.default\">\n\t\t\t\t<div class=\"elementor-widget-container\">\n\t\t\t\t\t<h2 class=\"elementor-heading-title elementor-size-default\">Izmjene i otkazivanja<\/h2>\t\t\t\t<\/div>\n\t\t\t\t<\/div>\n\t\t\t\t<div class=\"elementor-element elementor-element-1e1794a elementor-widget elementor-widget-text-editor\" data-id=\"1e1794a\" data-element_type=\"widget\" data-e-type=\"widget\" data-widget_type=\"text-editor.default\">\n\t\t\t\t<div class=\"elementor-widget-container\">\n\t\t\t\t\t\t\t\t\t<ul><li data-start=\"79\" data-end=\"165\"><p data-start=\"81\" data-end=\"165\">Rezervacije se mogu izmijeniti ili otkazati kontaktiranjem na\u0161eg korisni\u010dkog tima.<\/p><\/li><li data-start=\"166\" data-end=\"258\"><p data-start=\"168\" data-end=\"258\">Otkazivanja izvr\u0161ena vi\u0161e od 48 sati prije preuzimanja imaju pravo na puni povrat novca.<\/p><\/li><li data-start=\"259\" data-end=\"351\"><p data-start=\"261\" data-end=\"351\">Otkazivanja izvr\u0161ena unutar 48 sati mogu podrazumijevati djelimi\u010dnu ili potpunu naknadu.<\/p><\/li><li data-start=\"352\" data-end=\"433\"><p data-start=\"354\" data-end=\"433\">U slu\u010daju da se korisnik ne pojavi, mo\u017ee se naplatiti puni iznos rezervacije.<\/p><\/li><\/ul>\t\t\t\t\t\t\t\t<\/div>\n\t\t\t\t<\/div>\n\t\t\t\t<div class=\"elementor-element elementor-element-8213e0b elementor-widget elementor-widget-spacer\" data-id=\"8213e0b\" data-element_type=\"widget\" data-e-type=\"widget\" data-widget_type=\"spacer.default\">\n\t\t\t\t<div class=\"elementor-widget-container\">\n\t\t\t\t\t\t\t<div class=\"elementor-spacer\">\n\t\t\t<div class=\"elementor-spacer-inner\"><\/div>\n\t\t<\/div>\n\t\t\t\t\t\t<\/div>\n\t\t\t\t<\/div>\n\t\t\t\t<div class=\"elementor-element elementor-element-ce861a5 elementor-widget elementor-widget-heading\" data-id=\"ce861a5\" data-element_type=\"widget\" data-e-type=\"widget\" data-widget_type=\"heading.default\">\n\t\t\t\t<div class=\"elementor-widget-container\">\n\t\t\t\t\t<h2 class=\"elementor-heading-title elementor-size-default\">Sigurnosni depozit<\/h2>\t\t\t\t<\/div>\n\t\t\t\t<\/div>\n\t\t\t\t<div class=\"elementor-element elementor-element-76e5c38 elementor-widget elementor-widget-text-editor\" data-id=\"76e5c38\" data-element_type=\"widget\" data-e-type=\"widget\" data-widget_type=\"text-editor.default\">\n\t\t\t\t<div class=\"elementor-widget-container\">\n\t\t\t\t\t\t\t\t\t<ul><li data-start=\"465\" data-end=\"520\"><p data-start=\"467\" data-end=\"520\">Povratni depozit je obavezan za sva iznajmljivanja.<\/p><\/li><li data-start=\"521\" data-end=\"585\"><p data-start=\"523\" data-end=\"585\">Iznos depozita zavisi od kategorije vozila i trajanja najma.<\/p><\/li><li data-start=\"586\" data-end=\"724\"><p data-start=\"588\" data-end=\"724\">Depoziti se vra\u0107aju u roku od 7 radnih dana nakon \u0161to je vozilo vra\u0107eno, pod uslovom da nije bilo \u0161tete, ka\u0161njenja ili kr\u0161enja uslova.<\/p><\/li><\/ul>\t\t\t\t\t\t\t\t<\/div>\n\t\t\t\t<\/div>\n\t\t\t\t<div class=\"elementor-element elementor-element-ce22faf elementor-widget elementor-widget-spacer\" data-id=\"ce22faf\" data-element_type=\"widget\" data-e-type=\"widget\" data-widget_type=\"spacer.default\">\n\t\t\t\t<div class=\"elementor-widget-container\">\n\t\t\t\t\t\t\t<div class=\"elementor-spacer\">\n\t\t\t<div class=\"elementor-spacer-inner\"><\/div>\n\t\t<\/div>\n\t\t\t\t\t\t<\/div>\n\t\t\t\t<\/div>\n\t\t\t\t<div class=\"elementor-element elementor-element-2311143 elementor-widget elementor-widget-heading\" data-id=\"2311143\" data-element_type=\"widget\" data-e-type=\"widget\" data-widget_type=\"heading.default\">\n\t\t\t\t<div class=\"elementor-widget-container\">\n\t\t\t\t\t<h2 class=\"elementor-heading-title elementor-size-default\">Kori\u0161tenje vozila i odgovornost<\/h2>\t\t\t\t<\/div>\n\t\t\t\t<\/div>\n\t\t\t\t<div class=\"elementor-element elementor-element-317d044 elementor-widget elementor-widget-text-editor\" data-id=\"317d044\" data-element_type=\"widget\" data-e-type=\"widget\" data-widget_type=\"text-editor.default\">\n\t\t\t\t<div class=\"elementor-widget-container\">\n\t\t\t\t\t\t\t\t\t<ul><li data-start=\"113\" data-end=\"220\"><p data-start=\"115\" data-end=\"220\">Vozila se moraju vratiti u istom stanju u kojem su preuzeta, sa svim gorivom, klju\u010devima i dokumentima.<\/p><\/li><li data-start=\"221\" data-end=\"321\"><p data-start=\"223\" data-end=\"321\">Korisnici su odgovorni za saobra\u0107ajne prekr\u0161aje, putarine ili kazne nastale tokom perioda najma.<\/p><\/li><li data-start=\"322\" data-end=\"376\"><p data-start=\"324\" data-end=\"376\">Svaka \u0161teta ili gubitak moraju se prijaviti odmah.<\/p><\/li><li data-start=\"377\" data-end=\"456\"><p data-start=\"379\" data-end=\"456\">Vozila se ne smiju koristiti za trke, vo\u017enju van puta ili nezakonite svrhe.<\/p><\/li><\/ul>\t\t\t\t\t\t\t\t<\/div>\n\t\t\t\t<\/div>\n\t\t\t\t<div class=\"elementor-element elementor-element-8bb6947 elementor-widget elementor-widget-spacer\" data-id=\"8bb6947\" data-element_type=\"widget\" data-e-type=\"widget\" data-widget_type=\"spacer.default\">\n\t\t\t\t<div class=\"elementor-widget-container\">\n\t\t\t\t\t\t\t<div class=\"elementor-spacer\">\n\t\t\t<div class=\"elementor-spacer-inner\"><\/div>\n\t\t<\/div>\n\t\t\t\t\t\t<\/div>\n\t\t\t\t<\/div>\n\t\t\t\t<div class=\"elementor-element elementor-element-f312faa elementor-widget elementor-widget-heading\" data-id=\"f312faa\" data-element_type=\"widget\" data-e-type=\"widget\" data-widget_type=\"heading.default\">\n\t\t\t\t<div class=\"elementor-widget-container\">\n\t\t\t\t\t<h2 class=\"elementor-heading-title elementor-size-default\">Prelazak granice i jednosmjerni najam<\/h2>\t\t\t\t<\/div>\n\t\t\t\t<\/div>\n\t\t\t\t<div class=\"elementor-element elementor-element-c77078c elementor-widget elementor-widget-text-editor\" data-id=\"c77078c\" data-element_type=\"widget\" data-e-type=\"widget\" data-widget_type=\"text-editor.default\">\n\t\t\t\t<div class=\"elementor-widget-container\">\n\t\t\t\t\t\t\t\t\t<ul><li data-start=\"488\" data-end=\"589\"><p data-start=\"490\" data-end=\"589\">Najam vozila za prelazak granice mora biti unaprijed odobren i dokumentovan prilikom rezervacije.<\/p><\/li><li data-start=\"590\" data-end=\"702\"><p data-start=\"592\" data-end=\"702\">Jednosmjerni najam je dozvoljen u zavisnosti od dostupnosti lokacije i mo\u017ee podrazumijevati dodatne naknade.<\/p><\/li><\/ul>\t\t\t\t\t\t\t\t<\/div>\n\t\t\t\t<\/div>\n\t\t\t\t<div class=\"elementor-element elementor-element-a130a93 elementor-widget elementor-widget-spacer\" data-id=\"a130a93\" data-element_type=\"widget\" data-e-type=\"widget\" data-widget_type=\"spacer.default\">\n\t\t\t\t<div class=\"elementor-widget-container\">\n\t\t\t\t\t\t\t<div class=\"elementor-spacer\">\n\t\t\t<div class=\"elementor-spacer-inner\"><\/div>\n\t\t<\/div>\n\t\t\t\t\t\t<\/div>\n\t\t\t\t<\/div>\n\t\t\t\t<div class=\"elementor-element elementor-element-c2a2dc4 elementor-widget elementor-widget-heading\" data-id=\"c2a2dc4\" data-element_type=\"widget\" data-e-type=\"widget\" data-widget_type=\"heading.default\">\n\t\t\t\t<div class=\"elementor-widget-container\">\n\t\t\t\t\t<h2 class=\"elementor-heading-title elementor-size-default\">Odgovornost<\/h2>\t\t\t\t<\/div>\n\t\t\t\t<\/div>\n\t\t\t\t<div class=\"elementor-element elementor-element-b8bb516 elementor-widget elementor-widget-text-editor\" data-id=\"b8bb516\" data-element_type=\"widget\" data-e-type=\"widget\" data-widget_type=\"text-editor.default\">\n\t\t\t\t<div class=\"elementor-widget-container\">\n\t\t\t\t\t\t\t\t\t<ul><li data-start=\"62\" data-end=\"179\"><p data-start=\"64\" data-end=\"179\">Yes.ba ne snosi odgovornost za ka\u0161njenja, otkazivanja ili prekide usluga tre\u0107ih strana koje su van na\u0161e kontrole.<\/p><\/li><li data-start=\"180\" data-end=\"284\"><p data-start=\"182\" data-end=\"284\">Na\u0161a odgovornost je ograni\u010dena na vrijednost rezervacije, osim ako zakonom nije druga\u010dije propisano.<\/p><\/li><\/ul>\t\t\t\t\t\t\t\t<\/div>\n\t\t\t\t<\/div>\n\t\t\t\t<div class=\"elementor-element elementor-element-0637df7 elementor-widget elementor-widget-spacer\" data-id=\"0637df7\" data-element_type=\"widget\" data-e-type=\"widget\" data-widget_type=\"spacer.default\">\n\t\t\t\t<div class=\"elementor-widget-container\">\n\t\t\t\t\t\t\t<div class=\"elementor-spacer\">\n\t\t\t<div class=\"elementor-spacer-inner\"><\/div>\n\t\t<\/div>\n\t\t\t\t\t\t<\/div>\n\t\t\t\t<\/div>\n\t\t\t\t<div class=\"elementor-element elementor-element-6b78aa9 elementor-widget elementor-widget-heading\" data-id=\"6b78aa9\" data-element_type=\"widget\" data-e-type=\"widget\" data-widget_type=\"heading.default\">\n\t\t\t\t<div class=\"elementor-widget-container\">\n\t\t\t\t\t<h2 class=\"elementor-heading-title elementor-size-default\">Izmjene ovih uslova<\/h2>\t\t\t\t<\/div>\n\t\t\t\t<\/div>\n\t\t\t\t<div class=\"elementor-element elementor-element-2e78725 elementor-widget elementor-widget-text-editor\" data-id=\"2e78725\" data-element_type=\"widget\" data-e-type=\"widget\" data-widget_type=\"text-editor.default\">\n\t\t\t\t<div class=\"elementor-widget-container\">\n\t\t\t\t\t\t\t\t\t<p data-start=\"317\" data-end=\"444\">Yes.ba zadr\u017eava pravo da u bilo kojem trenutku a\u017eurira ove Uslove i pravila. Sve izmjene \u0107e biti objavljene na ovoj stranici.<\/p>\t\t\t\t\t\t\t\t<\/div>\n\t\t\t\t<\/div>\n\t\t\t\t<div class=\"elementor-element elementor-element-739af42 elementor-widget elementor-widget-spacer\" data-id=\"739af42\" data-element_type=\"widget\" data-e-type=\"widget\" data-widget_type=\"spacer.default\">\n\t\t\t\t<div class=\"elementor-widget-container\">\n\t\t\t\t\t\t\t<div class=\"elementor-spacer\">\n\t\t\t<div class=\"elementor-spacer-inner\"><\/div>\n\t\t<\/div>\n\t\t\t\t\t\t<\/div>\n\t\t\t\t<\/div>\n\t\t\t\t<div class=\"elementor-element elementor-element-d6e7094 elementor-widget elementor-widget-heading\" data-id=\"d6e7094\" data-element_type=\"widget\" data-e-type=\"widget\" data-widget_type=\"heading.default\">\n\t\t\t\t<div class=\"elementor-widget-container\">\n\t\t\t\t\t<h2 class=\"elementor-heading-title elementor-size-default\">Pitanja?<\/h2>\t\t\t\t<\/div>\n\t\t\t\t<\/div>\n\t\t\t\t<div class=\"elementor-element elementor-element-46e72d1 elementor-widget elementor-widget-text-editor\" data-id=\"46e72d1\" data-element_type=\"widget\" data-e-type=\"widget\" data-widget_type=\"text-editor.default\">\n\t\t\t\t<div class=\"elementor-widget-container\">\n\t\t\t\t\t\t\t\t\t<p>Za pitanja ili dodatna poja\u0161njenja, kontaktirajte nas na <strong data-start=\"523\" data-end=\"541\"><a class=\"decorated-link cursor-pointer\" rel=\"noopener\" data-start=\"525\" data-end=\"539\">support@yes.ba<\/a><\/strong> ili posjetite na\u0161u stranicu za korisni\u010dku podr\u0161ku.<\/p>\t\t\t\t\t\t\t\t<\/div>\n\t\t\t\t<\/div>\n\t\t\t\t\t<\/div>\n\t\t<\/div>\n\t\t\t\t\t<\/div>\n\t\t<\/section>\n\t\t\t\t<\/div>\n\t\t","protected":false},"excerpt":{"rendered":"<p>Recite DA bezbri\u017enom putovanju Kori\u0161tenjem Yes.ba web stranice i rezervacijom vozila putem na\u0161e platforme, saglasni ste sa sljede\u0107im uslovima i pravilima za rezervacije napravljene online, putem telefona ili li\u010dno. Uslovi za iznajmljivanje Voza\u010di moraju imati najmanje 21 godinu (25+ za odre\u0111ene kategorije vozila). Potrebna je va\u017ee\u0107a voza\u010dka dozvola koja je u posjedu najmanje 12 mjeseci. [&hellip;]<\/p>\n","protected":false},"author":1,"featured_media":0,"parent":0,"menu_order":0,"comment_status":"closed","ping_status":"closed","template":"templates\/elementor-page-template.php","meta":{"_acf_changed":false,"footnotes":""},"class_list":["post-507159","page","type-page","status-publish","hentry"],"acf":[],"yoast_head":"<!-- This site is optimized with the Yoast SEO plugin v27.3 - https:\/\/yoast.com\/product\/yoast-seo-wordpress\/ -->\n<title>Uslovi i pravila - Yes Rent a Car \u2013 100% Trusted Car Rental in Bosnia and Herzegovina<\/title>\n<meta name=\"robots\" content=\"index, follow, max-snippet:-1, max-image-preview:large, max-video-preview:-1\" \/>\n<link rel=\"canonical\" href=\"https:\/\/yes.ba\/bs\/uslovi-i-pravila\/\" \/>\n<meta property=\"og:locale\" content=\"bs_BA\" \/>\n<meta property=\"og:type\" content=\"article\" \/>\n<meta property=\"og:title\" content=\"Uslovi i pravila - Yes Rent a Car \u2013 100% Trusted Car Rental in Bosnia and Herzegovina\" \/>\n<meta property=\"og:description\" content=\"Recite DA bezbri\u017enom putovanju Kori\u0161tenjem Yes.ba web stranice i rezervacijom vozila putem na\u0161e platforme, saglasni ste sa sljede\u0107im uslovima i pravilima za rezervacije napravljene online, putem telefona ili li\u010dno. Uslovi za iznajmljivanje Voza\u010di moraju imati najmanje 21 godinu (25+ za odre\u0111ene kategorije vozila). Potrebna je va\u017ee\u0107a voza\u010dka dozvola koja je u posjedu najmanje 12 mjeseci. [&hellip;]\" \/>\n<meta property=\"og:url\" content=\"https:\/\/yes.ba\/bs\/uslovi-i-pravila\/\" \/>\n<meta property=\"og:site_name\" content=\"Yes Rent a Car \u2013 100% Trusted Car Rental in Bosnia and Herzegovina\" \/>\n<meta property=\"article:modified_time\" content=\"2025-09-16T19:56:03+00:00\" \/>\n<meta name=\"twitter:card\" content=\"summary_large_image\" \/>\n<meta name=\"twitter:label1\" content=\"Est. reading time\" \/>\n\t<meta name=\"twitter:data1\" content=\"2 minute\" \/>\n<script type=\"application\/ld+json\" class=\"yoast-schema-graph\">{\"@context\":\"https:\\\/\\\/schema.org\",\"@graph\":[{\"@type\":\"WebPage\",\"@id\":\"https:\\\/\\\/yes.ba\\\/bs\\\/uslovi-i-pravila\\\/\",\"url\":\"https:\\\/\\\/yes.ba\\\/bs\\\/uslovi-i-pravila\\\/\",\"name\":\"Uslovi i pravila - Yes Rent a Car \u2013 100% Trusted Car Rental in Bosnia and Herzegovina\",\"isPartOf\":{\"@id\":\"https:\\\/\\\/yes.ba\\\/bs\\\/#website\"},\"datePublished\":\"2024-01-08T12:50:39+00:00\",\"dateModified\":\"2025-09-16T19:56:03+00:00\",\"breadcrumb\":{\"@id\":\"https:\\\/\\\/yes.ba\\\/bs\\\/uslovi-i-pravila\\\/#breadcrumb\"},\"inLanguage\":\"bs-BA\",\"potentialAction\":[{\"@type\":\"ReadAction\",\"target\":[\"https:\\\/\\\/yes.ba\\\/bs\\\/uslovi-i-pravila\\\/\"]}]},{\"@type\":\"BreadcrumbList\",\"@id\":\"https:\\\/\\\/yes.ba\\\/bs\\\/uslovi-i-pravila\\\/#breadcrumb\",\"itemListElement\":[{\"@type\":\"ListItem\",\"position\":1,\"name\":\"Home\",\"item\":\"https:\\\/\\\/yes.ba\\\/bs\\\/\"},{\"@type\":\"ListItem\",\"position\":2,\"name\":\"Uslovi i pravila\"}]},{\"@type\":\"WebSite\",\"@id\":\"https:\\\/\\\/yes.ba\\\/bs\\\/#website\",\"url\":\"https:\\\/\\\/yes.ba\\\/bs\\\/\",\"name\":\"yes.ba\",\"description\":\"\",\"potentialAction\":[{\"@type\":\"SearchAction\",\"target\":{\"@type\":\"EntryPoint\",\"urlTemplate\":\"https:\\\/\\\/yes.ba\\\/bs\\\/?s={search_term_string}\"},\"query-input\":{\"@type\":\"PropertyValueSpecification\",\"valueRequired\":true,\"valueName\":\"search_term_string\"}}],\"inLanguage\":\"bs-BA\"}]}<\/script>\n<!-- \/ Yoast SEO plugin. -->","yoast_head_json":{"title":"Uslovi i pravila - Yes Rent a Car \u2013 100% Trusted Car Rental in Bosnia and Herzegovina","robots":{"index":"index","follow":"follow","max-snippet":"max-snippet:-1","max-image-preview":"max-image-preview:large","max-video-preview":"max-video-preview:-1"},"canonical":"https:\/\/yes.ba\/bs\/uslovi-i-pravila\/","og_locale":"bs_BA","og_type":"article","og_title":"Uslovi i pravila - Yes Rent a Car \u2013 100% Trusted Car Rental in Bosnia and Herzegovina","og_description":"Recite DA bezbri\u017enom putovanju Kori\u0161tenjem Yes.ba web stranice i rezervacijom vozila putem na\u0161e platforme, saglasni ste sa sljede\u0107im uslovima i pravilima za rezervacije napravljene online, putem telefona ili li\u010dno. Uslovi za iznajmljivanje Voza\u010di moraju imati najmanje 21 godinu (25+ za odre\u0111ene kategorije vozila). Potrebna je va\u017ee\u0107a voza\u010dka dozvola koja je u posjedu najmanje 12 mjeseci. [&hellip;]","og_url":"https:\/\/yes.ba\/bs\/uslovi-i-pravila\/","og_site_name":"Yes Rent a Car \u2013 100% Trusted Car Rental in Bosnia and Herzegovina","article_modified_time":"2025-09-16T19:56:03+00:00","twitter_card":"summary_large_image","twitter_misc":{"Est. reading time":"2 minute"},"schema":{"@context":"https:\/\/schema.org","@graph":[{"@type":"WebPage","@id":"https:\/\/yes.ba\/bs\/uslovi-i-pravila\/","url":"https:\/\/yes.ba\/bs\/uslovi-i-pravila\/","name":"Uslovi i pravila - Yes Rent a Car \u2013 100% Trusted Car Rental in Bosnia and Herzegovina","isPartOf":{"@id":"https:\/\/yes.ba\/bs\/#website"},"datePublished":"2024-01-08T12:50:39+00:00","dateModified":"2025-09-16T19:56:03+00:00","breadcrumb":{"@id":"https:\/\/yes.ba\/bs\/uslovi-i-pravila\/#breadcrumb"},"inLanguage":"bs-BA","potentialAction":[{"@type":"ReadAction","target":["https:\/\/yes.ba\/bs\/uslovi-i-pravila\/"]}]},{"@type":"BreadcrumbList","@id":"https:\/\/yes.ba\/bs\/uslovi-i-pravila\/#breadcrumb","itemListElement":[{"@type":"ListItem","position":1,"name":"Home","item":"https:\/\/yes.ba\/bs\/"},{"@type":"ListItem","position":2,"name":"Uslovi i pravila"}]},{"@type":"WebSite","@id":"https:\/\/yes.ba\/bs\/#website","url":"https:\/\/yes.ba\/bs\/","name":"yes.ba","description":"","potentialAction":[{"@type":"SearchAction","target":{"@type":"EntryPoint","urlTemplate":"https:\/\/yes.ba\/bs\/?s={search_term_string}"},"query-input":{"@type":"PropertyValueSpecification","valueRequired":true,"valueName":"search_term_string"}}],"inLanguage":"bs-BA"}]}},"_links":{"self":[{"href":"https:\/\/yes.ba\/bs\/wp-json\/wp\/v2\/pages\/507159","targetHints":{"allow":["GET"]}}],"collection":[{"href":"https:\/\/yes.ba\/bs\/wp-json\/wp\/v2\/pages"}],"about":[{"href":"https:\/\/yes.ba\/bs\/wp-json\/wp\/v2\/types\/page"}],"author":[{"embeddable":true,"href":"https:\/\/yes.ba\/bs\/wp-json\/wp\/v2\/users\/1"}],"replies":[{"embeddable":true,"href":"https:\/\/yes.ba\/bs\/wp-json\/wp\/v2\/comments?post=507159"}],"version-history":[{"count":7,"href":"https:\/\/yes.ba\/bs\/wp-json\/wp\/v2\/pages\/507159\/revisions"}],"predecessor-version":[{"id":507217,"href":"https:\/\/yes.ba\/bs\/wp-json\/wp\/v2\/pages\/507159\/revisions\/507217"}],"wp:attachment":[{"href":"https:\/\/yes.ba\/bs\/wp-json\/wp\/v2\/media?parent=507159"}],"curies":[{"name":"wp","href":"https:\/\/api.w.org\/{rel}","templated":true}]}}