{"id":507069,"date":"2024-01-08T11:13:19","date_gmt":"2024-01-08T11:13:19","guid":{"rendered":"https:\/\/yes.ba\/faqs\/"},"modified":"2025-09-17T14:28:09","modified_gmt":"2025-09-17T14:28:09","slug":"cesta-pitanja","status":"publish","type":"page","link":"https:\/\/yes.ba\/bs\/cesta-pitanja\/","title":{"rendered":"\u010cesta pitanja"},"content":{"rendered":"\t\t<div data-elementor-type=\"wp-page\" data-elementor-id=\"507069\" class=\"elementor elementor-507069 elementor-3613\">\n\t\t\t\t\t\t<section class=\"elementor-section elementor-top-section elementor-element elementor-element-b31bff5 section faq-section elementor-section-boxed elementor-section-height-default elementor-section-height-default\" data-id=\"b31bff5\" data-element_type=\"section\" data-e-type=\"section\">\n\t\t\t\t\t\t<div class=\"elementor-container elementor-column-gap-default\">\n\t\t\t\t\t<div class=\"elementor-column elementor-col-100 elementor-top-column elementor-element elementor-element-8d348fc\" data-id=\"8d348fc\" data-element_type=\"column\" data-e-type=\"column\">\n\t\t\t<div class=\"elementor-widget-wrap elementor-element-populated\">\n\t\t\t\t\t\t<div class=\"elementor-element elementor-element-d0e434a elementor-widget elementor-widget-heading\" data-id=\"d0e434a\" data-element_type=\"widget\" data-e-type=\"widget\" data-widget_type=\"heading.default\">\n\t\t\t\t<div class=\"elementor-widget-container\">\n\t\t\t\t\t<h2 class=\"elementor-heading-title elementor-size-default\">\u010cesto postavljana pitanja \u2013 Rezervacija i dostupnost<\/h2>\t\t\t\t<\/div>\n\t\t\t\t<\/div>\n\t\t\t\t<div class=\"elementor-element elementor-element-1c618d4 elementor-widget elementor-widget-dreamsrent_elementor_faq\" data-id=\"1c618d4\" data-element_type=\"widget\" data-e-type=\"widget\" data-widget_type=\"dreamsrent_elementor_faq.default\">\n\t\t\t\t<div class=\"elementor-widget-container\">\n\t\t\t\t\t<div class=\"faq-info\">\r\n\t<!-- Carousel Item -->\r\n\r\n\t<div class=\"faq-card bg-white\" data-aos=\"fade-down\">\r\n\t\t\t\t\t\t<h4 class=\"faq-title\">\r\n\t\t\t\t\t\t\t<a class=\"collapseds       \" data-bs-toggle=\"collapse\" href=\"#faq_1\"  aria-expanded=\"true\">Kako mogu rezervisati vozilo preko Yes.ba?<\/a>\r\n\t\t\t\t\t\t<\/h4>\r\n\t\t\t\t\t\t<div id=\"faq_1\" class=\"card-collapse    collapsed show \">\r\n\t\t\t\t\t\t\t<p>Rezervaciju mo\u017eete izvr\u0161iti direktno putem na\u0161e web stranice u samo nekoliko klikova. Odaberite mjesto preuzimanja i vra\u0107anja vozila, unesite datume i potvrdite rezervaciju.<\/p>\r\n\t\t\t\t\t\t<\/div>\r\n\t\t\t\t\t<\/div>\t\r\n\r\n \r\n\r\n\t<div class=\"faq-card bg-white\" data-aos=\"fade-down\">\r\n\t\t\t\t\t\t<h4 class=\"faq-title\">\r\n\t\t\t\t\t\t\t<a class=\"collapseds   collapsed  \" data-bs-toggle=\"collapse\" href=\"#faq_2\"  aria-expanded=\"false\" >Da li moram rezervisati unaprijed?<\/a>\r\n\t\t\t\t\t\t<\/h4>\r\n\t\t\t\t\t\t<div id=\"faq_2\" class=\"card-collapse  collapse\">\r\n\t\t\t\t\t\t\t<p>Preporu\u010dujemo da rezervaciju izvr\u0161ite ranije, posebno u periodima najve\u0107e potra\u017enje. Ipak, podr\u017eavamo i rezervacije u posljednjem trenutku, zavisno od dostupnosti vozila.<\/p>\r\n\t\t\t\t\t\t<\/div>\r\n\t\t\t\t\t<\/div>\t\r\n\r\n \r\n\r\n\t<div class=\"faq-card bg-white\" data-aos=\"fade-down\">\r\n\t\t\t\t\t\t<h4 class=\"faq-title\">\r\n\t\t\t\t\t\t\t<a class=\"collapseds   collapsed  \" data-bs-toggle=\"collapse\" href=\"#faq_3\"  aria-expanded=\"false\" >Mogu li izmijeniti ili otkazati svoju rezervaciju?<\/a>\r\n\t\t\t\t\t\t<\/h4>\r\n\t\t\t\t\t\t<div id=\"faq_3\" class=\"card-collapse  collapse\">\r\n\t\t\t\t\t\t\t<p>Da. Svojom rezervacijom mo\u017eete upravljati putem e-maila s potvrdom ili kontaktiranjem na\u0161eg tima podr\u0161ke. Otkazivanja i izmjene mogu podlijegati na\u0161im uslovima.<\/p>\r\n\t\t\t\t\t\t<\/div>\r\n\t\t\t\t\t<\/div>\t\r\n\r\n \r\n<!-- \/Carousel Item  -->\r\n<\/div>\r\n\t\t\t\t\t\t<\/div>\n\t\t\t\t<\/div>\n\t\t\t\t<div class=\"elementor-element elementor-element-0910720 elementor-widget elementor-widget-spacer\" data-id=\"0910720\" data-element_type=\"widget\" data-e-type=\"widget\" data-widget_type=\"spacer.default\">\n\t\t\t\t<div class=\"elementor-widget-container\">\n\t\t\t\t\t\t\t<div class=\"elementor-spacer\">\n\t\t\t<div class=\"elementor-spacer-inner\"><\/div>\n\t\t<\/div>\n\t\t\t\t\t\t<\/div>\n\t\t\t\t<\/div>\n\t\t\t\t<div class=\"elementor-element elementor-element-c7d34fe elementor-widget elementor-widget-heading\" data-id=\"c7d34fe\" data-element_type=\"widget\" data-e-type=\"widget\" data-widget_type=\"heading.default\">\n\t\t\t\t<div class=\"elementor-widget-container\">\n\t\t\t\t\t<h2 class=\"elementor-heading-title elementor-size-default\">\u010cesto postavljana pitanja \u2013 Zahtjevi za voza\u010de<\/h2>\t\t\t\t<\/div>\n\t\t\t\t<\/div>\n\t\t\t\t<div class=\"elementor-element elementor-element-b3bc4db elementor-widget elementor-widget-spacer\" data-id=\"b3bc4db\" data-element_type=\"widget\" data-e-type=\"widget\" data-widget_type=\"spacer.default\">\n\t\t\t\t<div class=\"elementor-widget-container\">\n\t\t\t\t\t\t\t<div class=\"elementor-spacer\">\n\t\t\t<div class=\"elementor-spacer-inner\"><\/div>\n\t\t<\/div>\n\t\t\t\t\t\t<\/div>\n\t\t\t\t<\/div>\n\t\t\t\t<div class=\"elementor-element elementor-element-aea4b83 elementor-widget elementor-widget-heading\" data-id=\"aea4b83\" data-element_type=\"widget\" data-e-type=\"widget\" data-widget_type=\"heading.default\">\n\t\t\t\t<div class=\"elementor-widget-container\">\n\t\t\t\t\t<h2 class=\"elementor-heading-title elementor-size-default\">\u010cesto postavljana pitanja \u2013 Pla\u0107anje i depoziti<\/h2>\t\t\t\t<\/div>\n\t\t\t\t<\/div>\n\t\t\t\t<div class=\"elementor-element elementor-element-d1a7251 elementor-widget elementor-widget-dreamsrent_elementor_faq\" data-id=\"d1a7251\" data-element_type=\"widget\" data-e-type=\"widget\" data-widget_type=\"dreamsrent_elementor_faq.default\">\n\t\t\t\t<div class=\"elementor-widget-container\">\n\t\t\t\t\t<div class=\"faq-info\">\r\n\t<!-- Carousel Item -->\r\n\r\n\t<div class=\"faq-card bg-white\" data-aos=\"fade-down\">\r\n\t\t\t\t\t\t<h4 class=\"faq-title\">\r\n\t\t\t\t\t\t\t<a class=\"collapseds       \" data-bs-toggle=\"collapse\" href=\"#faq_1\"  aria-expanded=\"true\">Koje metode pla\u0107anja prihvatate?<\/a>\r\n\t\t\t\t\t\t<\/h4>\r\n\t\t\t\t\t\t<div id=\"faq_1\" class=\"card-collapse    collapsed show \">\r\n\t\t\t\t\t\t\t<p>Prihvatamo glavne kreditne kartice i ve\u0107inu debitnih kartica. Sve detalje mo\u017eete prona\u0107i na na\u0161oj stranici Metode pla\u0107anja.<\/p>\r\n\t\t\t\t\t\t<\/div>\r\n\t\t\t\t\t<\/div>\t\r\n\r\n \r\n\r\n\t<div class=\"faq-card bg-white\" data-aos=\"fade-down\">\r\n\t\t\t\t\t\t<h4 class=\"faq-title\">\r\n\t\t\t\t\t\t\t<a class=\"collapseds   collapsed  \" data-bs-toggle=\"collapse\" href=\"#faq_2\"  aria-expanded=\"false\" >Da li je potreban depozit?<\/a>\r\n\t\t\t\t\t\t<\/h4>\r\n\t\t\t\t\t\t<div id=\"faq_2\" class=\"card-collapse  collapse\">\r\n\t\t\t\t\t\t\t<p>Da. Povratni depozit se uzima prilikom preuzimanja vozila i vra\u0107a nakon \u0161to se vozilo vrati u dogovorenom stanju.<\/p>\r\n\t\t\t\t\t\t<\/div>\r\n\t\t\t\t\t<\/div>\t\r\n\r\n \r\n\r\n\t<div class=\"faq-card bg-white\" data-aos=\"fade-down\">\r\n\t\t\t\t\t\t<h4 class=\"faq-title\">\r\n\t\t\t\t\t\t\t<a class=\"collapseds   collapsed  \" data-bs-toggle=\"collapse\" href=\"#faq_3\"  aria-expanded=\"false\" >Da li postoje skriveni tro\u0161kovi?<\/a>\r\n\t\t\t\t\t\t<\/h4>\r\n\t\t\t\t\t\t<div id=\"faq_3\" class=\"card-collapse  collapse\">\r\n\t\t\t\t\t\t\t<p>Ne. Svi tro\u0161kovi su jasno prikazani unaprijed prilikom rezervacije. Vjerujemo u jasne i po\u0161tene cijene.<\/p>\r\n\t\t\t\t\t\t<\/div>\r\n\t\t\t\t\t<\/div>\t\r\n\r\n \r\n<!-- \/Carousel Item  -->\r\n<\/div>\r\n\t\t\t\t\t\t<\/div>\n\t\t\t\t<\/div>\n\t\t\t\t<div class=\"elementor-element elementor-element-4d9f304 elementor-widget elementor-widget-dreamsrent_elementor_faq\" data-id=\"4d9f304\" data-element_type=\"widget\" data-e-type=\"widget\" data-widget_type=\"dreamsrent_elementor_faq.default\">\n\t\t\t\t<div class=\"elementor-widget-container\">\n\t\t\t\t\t<div class=\"faq-info\">\r\n\t<!-- Carousel Item -->\r\n\r\n\t<div class=\"faq-card bg-white\" data-aos=\"fade-down\">\r\n\t\t\t\t\t\t<h4 class=\"faq-title\">\r\n\t\t\t\t\t\t\t<a class=\"collapseds       \" data-bs-toggle=\"collapse\" href=\"#faq_1\"  aria-expanded=\"true\">Koja dokumenta trebam da bih iznajmio vozilo?<\/a>\r\n\t\t\t\t\t\t<\/h4>\r\n\t\t\t\t\t\t<div id=\"faq_1\" class=\"card-collapse    collapsed show \">\r\n\t\t\t\t\t\t\t<p>Treba\u0107e vam va\u017ee\u0107a voza\u010dka dozvola, li\u010dna karta ili paso\u0161, te kreditna ili debitna kartica na va\u0161e ime.<\/p>\r\n\t\t\t\t\t\t<\/div>\r\n\t\t\t\t\t<\/div>\t\r\n\r\n \r\n\r\n\t<div class=\"faq-card bg-white\" data-aos=\"fade-down\">\r\n\t\t\t\t\t\t<h4 class=\"faq-title\">\r\n\t\t\t\t\t\t\t<a class=\"collapseds   collapsed  \" data-bs-toggle=\"collapse\" href=\"#faq_2\"  aria-expanded=\"false\" >Mogu li iznajmiti vozilo sa stranom voza\u010dkom dozvolom?<\/a>\r\n\t\t\t\t\t\t<\/h4>\r\n\t\t\t\t\t\t<div id=\"faq_2\" class=\"card-collapse  collapse\">\r\n\t\t\t\t\t\t\t<p>Da, prihvatamo ve\u0107inu me\u0111unarodnih voza\u010dkih dozvola. Ako va\u0161a dozvola nije na latinici, mo\u017ee biti potrebna me\u0111unarodna voza\u010dka dozvola (International Driving Permit).<\/p>\r\n\t\t\t\t\t\t<\/div>\r\n\t\t\t\t\t<\/div>\t\r\n\r\n \r\n\r\n\t<div class=\"faq-card bg-white\" data-aos=\"fade-down\">\r\n\t\t\t\t\t\t<h4 class=\"faq-title\">\r\n\t\t\t\t\t\t\t<a class=\"collapseds   collapsed  \" data-bs-toggle=\"collapse\" href=\"#faq_3\"  aria-expanded=\"false\" >Koja je minimalna starosna dob za iznajmljivanje vozila?<\/a>\r\n\t\t\t\t\t\t<\/h4>\r\n\t\t\t\t\t\t<div id=\"faq_3\" class=\"card-collapse  collapse\">\r\n\t\t\t\t\t\t\t<p>Morate imati najmanje 21 godinu i najmanje jednu godinu voza\u010dkog iskustva. Za neke kategorije vozila mo\u017ee se zahtijevati da imate 25 ili vi\u0161e godina.<\/p>\r\n\t\t\t\t\t\t<\/div>\r\n\t\t\t\t\t<\/div>\t\r\n\r\n \r\n<!-- \/Carousel Item  -->\r\n<\/div>\r\n\t\t\t\t\t\t<\/div>\n\t\t\t\t<\/div>\n\t\t\t\t<div class=\"elementor-element elementor-element-f168537 elementor-widget elementor-widget-spacer\" data-id=\"f168537\" data-element_type=\"widget\" data-e-type=\"widget\" data-widget_type=\"spacer.default\">\n\t\t\t\t<div class=\"elementor-widget-container\">\n\t\t\t\t\t\t\t<div class=\"elementor-spacer\">\n\t\t\t<div class=\"elementor-spacer-inner\"><\/div>\n\t\t<\/div>\n\t\t\t\t\t\t<\/div>\n\t\t\t\t<\/div>\n\t\t\t\t<div class=\"elementor-element elementor-element-4c34683 elementor-widget elementor-widget-heading\" data-id=\"4c34683\" data-element_type=\"widget\" data-e-type=\"widget\" data-widget_type=\"heading.default\">\n\t\t\t\t<div class=\"elementor-widget-container\">\n\t\t\t\t\t<h2 class=\"elementor-heading-title elementor-size-default\">\u010cesto postavljana pitanja \u2013 Vozila i preuzimanje<\/h2>\t\t\t\t<\/div>\n\t\t\t\t<\/div>\n\t\t\t\t<div class=\"elementor-element elementor-element-3ad4609 elementor-widget elementor-widget-dreamsrent_elementor_faq\" data-id=\"3ad4609\" data-element_type=\"widget\" data-e-type=\"widget\" data-widget_type=\"dreamsrent_elementor_faq.default\">\n\t\t\t\t<div class=\"elementor-widget-container\">\n\t\t\t\t\t<div class=\"faq-info\">\r\n\t<!-- Carousel Item -->\r\n\r\n\t<div class=\"faq-card bg-white\" data-aos=\"fade-down\">\r\n\t\t\t\t\t\t<h4 class=\"faq-title\">\r\n\t\t\t\t\t\t\t<a class=\"collapseds       \" data-bs-toggle=\"collapse\" href=\"#faq_1\"  aria-expanded=\"true\">Mogu li odabrati odre\u0111eni model vozila?<\/a>\r\n\t\t\t\t\t\t<\/h4>\r\n\t\t\t\t\t\t<div id=\"faq_1\" class=\"card-collapse    collapsed show \">\r\n\t\t\t\t\t\t\t<p>Mo\u017eete odabrati kategoriju vozila (npr. kompakt, SUV, luksuzno), a mi \u0107emo potvrditi dostupnost. Odre\u0111eni modeli se mogu tra\u017eiti, ali zavise od stanja na lageru.<\/p>\r\n\t\t\t\t\t\t<\/div>\r\n\t\t\t\t\t<\/div>\t\r\n\r\n \r\n\r\n\t<div class=\"faq-card bg-white\" data-aos=\"fade-down\">\r\n\t\t\t\t\t\t<h4 class=\"faq-title\">\r\n\t\t\t\t\t\t\t<a class=\"collapseds   collapsed  \" data-bs-toggle=\"collapse\" href=\"#faq_2\"  aria-expanded=\"false\" >Gdje mogu preuzeti vozilo?<\/a>\r\n\t\t\t\t\t\t<\/h4>\r\n\t\t\t\t\t\t<div id=\"faq_2\" class=\"card-collapse  collapse\">\r\n\t\t\t\t\t\t\t<p>Nudimo preuzimanje na svim glavnim aerodromima i u gradovima, uklju\u010duju\u0107i Sarajevo, Mostar, Tuzlu, Banju Luku i druge. Dostava do hotela je dostupna na zahtjev.<\/p>\r\n\t\t\t\t\t\t<\/div>\r\n\t\t\t\t\t<\/div>\t\r\n\r\n \r\n\r\n\t<div class=\"faq-card bg-white\" data-aos=\"fade-down\">\r\n\t\t\t\t\t\t<h4 class=\"faq-title\">\r\n\t\t\t\t\t\t\t<a class=\"collapseds   collapsed  \" data-bs-toggle=\"collapse\" href=\"#faq_3\"  aria-expanded=\"false\" >Mogu li vozilo vratiti na drugoj lokaciji?<\/a>\r\n\t\t\t\t\t\t<\/h4>\r\n\t\t\t\t\t\t<div id=\"faq_3\" class=\"card-collapse  collapse\">\r\n\t\t\t\t\t\t\t<p>Da \u2013 jednosmjerni najam je dostupan \u0161irom Bosne i Hercegovine i \u0161ire. Samo odaberite grad povrata prilikom rezervacije.<\/p>\r\n\t\t\t\t\t\t<\/div>\r\n\t\t\t\t\t<\/div>\t\r\n\r\n \r\n<!-- \/Carousel Item  -->\r\n<\/div>\r\n\t\t\t\t\t\t<\/div>\n\t\t\t\t<\/div>\n\t\t\t\t<div class=\"elementor-element elementor-element-0736800 elementor-widget elementor-widget-spacer\" data-id=\"0736800\" data-element_type=\"widget\" data-e-type=\"widget\" data-widget_type=\"spacer.default\">\n\t\t\t\t<div class=\"elementor-widget-container\">\n\t\t\t\t\t\t\t<div class=\"elementor-spacer\">\n\t\t\t<div class=\"elementor-spacer-inner\"><\/div>\n\t\t<\/div>\n\t\t\t\t\t\t<\/div>\n\t\t\t\t<\/div>\n\t\t\t\t<div class=\"elementor-element elementor-element-e30212d elementor-widget elementor-widget-heading\" data-id=\"e30212d\" data-element_type=\"widget\" data-e-type=\"widget\" data-widget_type=\"heading.default\">\n\t\t\t\t<div class=\"elementor-widget-container\">\n\t\t\t\t\t<h2 class=\"elementor-heading-title elementor-size-default\">\u010cesto postavljana pitanja \u2013 Prekograni\u010dni i Jednosmjerni Najmovi<\/h2>\t\t\t\t<\/div>\n\t\t\t\t<\/div>\n\t\t\t\t<div class=\"elementor-element elementor-element-fe14bba elementor-widget elementor-widget-dreamsrent_elementor_faq\" data-id=\"fe14bba\" data-element_type=\"widget\" data-e-type=\"widget\" data-widget_type=\"dreamsrent_elementor_faq.default\">\n\t\t\t\t<div class=\"elementor-widget-container\">\n\t\t\t\t\t<div class=\"faq-info\">\r\n\t<!-- Carousel Item -->\r\n\r\n\t<div class=\"faq-card bg-white\" data-aos=\"fade-down\">\r\n\t\t\t\t\t\t<h4 class=\"faq-title\">\r\n\t\t\t\t\t\t\t<a class=\"collapseds       \" data-bs-toggle=\"collapse\" href=\"#faq_1\"  aria-expanded=\"true\">Mogu li voziti automobil u druge zemlje?<\/a>\r\n\t\t\t\t\t\t<\/h4>\r\n\t\t\t\t\t\t<div id=\"faq_1\" class=\"card-collapse    collapsed show \">\r\n\t\t\t\t\t\t\t<p>Da. Podr\u017eavamo prekograni\u010dna putovanja u Hrvatsku, Crnu Goru, Srbiju i druge zemlje. Samo nas obavijestite prilikom rezervacije kako bismo pripremili potrebnu dokumentaciju.<\/p>\r\n\t\t\t\t\t\t<\/div>\r\n\t\t\t\t\t<\/div>\t\r\n\r\n \r\n\r\n\t<div class=\"faq-card bg-white\" data-aos=\"fade-down\">\r\n\t\t\t\t\t\t<h4 class=\"faq-title\">\r\n\t\t\t\t\t\t\t<a class=\"collapseds   collapsed  \" data-bs-toggle=\"collapse\" href=\"#faq_2\"  aria-expanded=\"false\" >Da li su dozvoljeni jednosmjerni najmovi?<\/a>\r\n\t\t\t\t\t\t<\/h4>\r\n\t\t\t\t\t\t<div id=\"faq_2\" class=\"card-collapse  collapse\">\r\n\t\t\t\t\t\t\t<p>Apsolutno. Jednosmjerni preuzimanja i povrati vozila dostupni su \u0161irom zemlje, uz transparentno formiranje cijena na osnovu udaljenosti.<\/p>\r\n\t\t\t\t\t\t<\/div>\r\n\t\t\t\t\t<\/div>\t\r\n\r\n \r\n<!-- \/Carousel Item  -->\r\n<\/div>\r\n\t\t\t\t\t\t<\/div>\n\t\t\t\t<\/div>\n\t\t\t\t<div class=\"elementor-element elementor-element-e3f3cdc elementor-widget elementor-widget-spacer\" data-id=\"e3f3cdc\" data-element_type=\"widget\" data-e-type=\"widget\" data-widget_type=\"spacer.default\">\n\t\t\t\t<div class=\"elementor-widget-container\">\n\t\t\t\t\t\t\t<div class=\"elementor-spacer\">\n\t\t\t<div class=\"elementor-spacer-inner\"><\/div>\n\t\t<\/div>\n\t\t\t\t\t\t<\/div>\n\t\t\t\t<\/div>\n\t\t\t\t<div class=\"elementor-element elementor-element-7a72217 elementor-widget elementor-widget-heading\" data-id=\"7a72217\" data-element_type=\"widget\" data-e-type=\"widget\" data-widget_type=\"heading.default\">\n\t\t\t\t<div class=\"elementor-widget-container\">\n\t\t\t\t\t<h2 class=\"elementor-heading-title elementor-size-default\">\u010cesto postavljana pitanja \u2013 Kvarovi i Podr\u0161ka<\/h2>\t\t\t\t<\/div>\n\t\t\t\t<\/div>\n\t\t\t\t<div class=\"elementor-element elementor-element-e6fd155 elementor-widget elementor-widget-dreamsrent_elementor_faq\" data-id=\"e6fd155\" data-element_type=\"widget\" data-e-type=\"widget\" data-widget_type=\"dreamsrent_elementor_faq.default\">\n\t\t\t\t<div class=\"elementor-widget-container\">\n\t\t\t\t\t<div class=\"faq-info\">\r\n\t<!-- Carousel Item -->\r\n\r\n\t<div class=\"faq-card bg-white\" data-aos=\"fade-down\">\r\n\t\t\t\t\t\t<h4 class=\"faq-title\">\r\n\t\t\t\t\t\t\t<a class=\"collapseds       \" data-bs-toggle=\"collapse\" href=\"#faq_1\"  aria-expanded=\"true\">\u0160ta se de\u0161ava ako se automobil pokvari?<\/a>\r\n\t\t\t\t\t\t<\/h4>\r\n\t\t\t\t\t\t<div id=\"faq_1\" class=\"card-collapse    collapsed show \">\r\n\t\t\t\t\t\t\t<p>Bez brige ste. Sva iznajmljivanja uklju\u010duju 24\/7 pomo\u0107 na putu. Pozovite na\u0161 tim za podr\u0161ku i rije\u0161i\u0107emo problem.<\/p>\r\n\t\t\t\t\t\t<\/div>\r\n\t\t\t\t\t<\/div>\t\r\n\r\n \r\n\r\n\t<div class=\"faq-card bg-white\" data-aos=\"fade-down\">\r\n\t\t\t\t\t\t<h4 class=\"faq-title\">\r\n\t\t\t\t\t\t\t<a class=\"collapseds   collapsed  \" data-bs-toggle=\"collapse\" href=\"#faq_2\"  aria-expanded=\"false\" >Da li je korisni\u010dka podr\u0161ka dostupna tokom mog iznajmljivanja?<\/a>\r\n\t\t\t\t\t\t<\/h4>\r\n\t\t\t\t\t\t<div id=\"faq_2\" class=\"card-collapse  collapse\">\r\n\t\t\t\t\t\t\t<p>Na\u0161 vi\u0161ejezi\u010dni tim dostupan je tokom cijelog perioda iznajmljivanja za sva va\u0161a pitanja, izmjene ili dodatnu pomo\u0107.<\/p>\r\n\t\t\t\t\t\t<\/div>\r\n\t\t\t\t\t<\/div>\t\r\n\r\n \r\n<!-- \/Carousel Item  -->\r\n<\/div>\r\n\t\t\t\t\t\t<\/div>\n\t\t\t\t<\/div>\n\t\t\t\t<div class=\"elementor-element elementor-element-9098f37 elementor-widget elementor-widget-spacer\" data-id=\"9098f37\" data-element_type=\"widget\" data-e-type=\"widget\" data-widget_type=\"spacer.default\">\n\t\t\t\t<div class=\"elementor-widget-container\">\n\t\t\t\t\t\t\t<div class=\"elementor-spacer\">\n\t\t\t<div class=\"elementor-spacer-inner\"><\/div>\n\t\t<\/div>\n\t\t\t\t\t\t<\/div>\n\t\t\t\t<\/div>\n\t\t\t\t<div class=\"elementor-element elementor-element-46086dd elementor-widget elementor-widget-heading\" data-id=\"46086dd\" data-element_type=\"widget\" data-e-type=\"widget\" data-widget_type=\"heading.default\">\n\t\t\t\t<div class=\"elementor-widget-container\">\n\t\t\t\t\t<h2 class=\"elementor-heading-title elementor-size-default\">I dalje imate pitanja?<\/h2>\t\t\t\t<\/div>\n\t\t\t\t<\/div>\n\t\t\t\t<div class=\"elementor-element elementor-element-5a8e279 elementor-widget elementor-widget-text-editor\" data-id=\"5a8e279\" data-element_type=\"widget\" data-e-type=\"widget\" data-widget_type=\"text-editor.default\">\n\t\t\t\t<div class=\"elementor-widget-container\">\n\t\t\t\t\t\t\t\t\t<p>Stupite u kontakt sa nama kroz na\u0161u Kontakt stranicu ili nam po\u0161aljite poruku direktno &#8211; ovde smo da vam pomognemo.<\/p>\t\t\t\t\t\t\t\t<\/div>\n\t\t\t\t<\/div>\n\t\t\t\t\t<\/div>\n\t\t<\/div>\n\t\t\t\t\t<\/div>\n\t\t<\/section>\n\t\t\t\t<\/div>\n\t\t","protected":false},"excerpt":{"rendered":"<p>\u010cesto postavljana pitanja \u2013 Rezervacija i dostupnost Kako mogu rezervisati vozilo preko Yes.ba? Rezervaciju mo\u017eete izvr\u0161iti direktno putem na\u0161e web stranice u samo nekoliko klikova. Odaberite mjesto preuzimanja i vra\u0107anja vozila, unesite datume i potvrdite rezervaciju. Da li moram rezervisati unaprijed? Preporu\u010dujemo da rezervaciju izvr\u0161ite ranije, posebno u periodima najve\u0107e potra\u017enje. Ipak, podr\u017eavamo i rezervacije [&hellip;]<\/p>\n","protected":false},"author":1,"featured_media":0,"parent":0,"menu_order":0,"comment_status":"closed","ping_status":"closed","template":"templates\/elementor-page-template.php","meta":{"_acf_changed":false,"footnotes":""},"class_list":["post-507069","page","type-page","status-publish","hentry"],"acf":[],"yoast_head":"<!-- This site is optimized with the Yoast SEO plugin v27.3 - https:\/\/yoast.com\/product\/yoast-seo-wordpress\/ -->\n<title>\u010cesta pitanja - Yes Rent a Car \u2013 100% Trusted Car Rental in Bosnia and Herzegovina<\/title>\n<meta name=\"robots\" content=\"index, follow, max-snippet:-1, max-image-preview:large, max-video-preview:-1\" \/>\n<link rel=\"canonical\" href=\"https:\/\/yes.ba\/bs\/cesta-pitanja\/\" \/>\n<meta property=\"og:locale\" content=\"bs_BA\" \/>\n<meta property=\"og:type\" content=\"article\" \/>\n<meta property=\"og:title\" content=\"\u010cesta pitanja - Yes Rent a Car \u2013 100% Trusted Car Rental in Bosnia and Herzegovina\" \/>\n<meta property=\"og:description\" content=\"\u010cesto postavljana pitanja \u2013 Rezervacija i dostupnost Kako mogu rezervisati vozilo preko Yes.ba? Rezervaciju mo\u017eete izvr\u0161iti direktno putem na\u0161e web stranice u samo nekoliko klikova. Odaberite mjesto preuzimanja i vra\u0107anja vozila, unesite datume i potvrdite rezervaciju. Da li moram rezervisati unaprijed? Preporu\u010dujemo da rezervaciju izvr\u0161ite ranije, posebno u periodima najve\u0107e potra\u017enje. Ipak, podr\u017eavamo i rezervacije [&hellip;]\" \/>\n<meta property=\"og:url\" content=\"https:\/\/yes.ba\/bs\/cesta-pitanja\/\" \/>\n<meta property=\"og:site_name\" content=\"Yes Rent a Car \u2013 100% Trusted Car Rental in Bosnia and Herzegovina\" \/>\n<meta property=\"article:modified_time\" content=\"2025-09-17T14:28:09+00:00\" \/>\n<meta name=\"twitter:card\" content=\"summary_large_image\" \/>\n<meta name=\"twitter:label1\" content=\"Est. reading time\" \/>\n\t<meta name=\"twitter:data1\" content=\"3 minute\" \/>\n<script type=\"application\/ld+json\" class=\"yoast-schema-graph\">{\"@context\":\"https:\\\/\\\/schema.org\",\"@graph\":[{\"@type\":\"WebPage\",\"@id\":\"https:\\\/\\\/yes.ba\\\/bs\\\/cesta-pitanja\\\/\",\"url\":\"https:\\\/\\\/yes.ba\\\/bs\\\/cesta-pitanja\\\/\",\"name\":\"\u010cesta pitanja - Yes Rent a Car \u2013 100% Trusted Car Rental in Bosnia and Herzegovina\",\"isPartOf\":{\"@id\":\"https:\\\/\\\/yes.ba\\\/bs\\\/#website\"},\"datePublished\":\"2024-01-08T11:13:19+00:00\",\"dateModified\":\"2025-09-17T14:28:09+00:00\",\"breadcrumb\":{\"@id\":\"https:\\\/\\\/yes.ba\\\/bs\\\/cesta-pitanja\\\/#breadcrumb\"},\"inLanguage\":\"bs-BA\",\"potentialAction\":[{\"@type\":\"ReadAction\",\"target\":[\"https:\\\/\\\/yes.ba\\\/bs\\\/cesta-pitanja\\\/\"]}]},{\"@type\":\"BreadcrumbList\",\"@id\":\"https:\\\/\\\/yes.ba\\\/bs\\\/cesta-pitanja\\\/#breadcrumb\",\"itemListElement\":[{\"@type\":\"ListItem\",\"position\":1,\"name\":\"Home\",\"item\":\"https:\\\/\\\/yes.ba\\\/bs\\\/\"},{\"@type\":\"ListItem\",\"position\":2,\"name\":\"\u010cesta pitanja\"}]},{\"@type\":\"WebSite\",\"@id\":\"https:\\\/\\\/yes.ba\\\/bs\\\/#website\",\"url\":\"https:\\\/\\\/yes.ba\\\/bs\\\/\",\"name\":\"yes.ba\",\"description\":\"\",\"potentialAction\":[{\"@type\":\"SearchAction\",\"target\":{\"@type\":\"EntryPoint\",\"urlTemplate\":\"https:\\\/\\\/yes.ba\\\/bs\\\/?s={search_term_string}\"},\"query-input\":{\"@type\":\"PropertyValueSpecification\",\"valueRequired\":true,\"valueName\":\"search_term_string\"}}],\"inLanguage\":\"bs-BA\"}]}<\/script>\n<!-- \/ Yoast SEO plugin. -->","yoast_head_json":{"title":"\u010cesta pitanja - Yes Rent a Car \u2013 100% Trusted Car Rental in Bosnia and Herzegovina","robots":{"index":"index","follow":"follow","max-snippet":"max-snippet:-1","max-image-preview":"max-image-preview:large","max-video-preview":"max-video-preview:-1"},"canonical":"https:\/\/yes.ba\/bs\/cesta-pitanja\/","og_locale":"bs_BA","og_type":"article","og_title":"\u010cesta pitanja - Yes Rent a Car \u2013 100% Trusted Car Rental in Bosnia and Herzegovina","og_description":"\u010cesto postavljana pitanja \u2013 Rezervacija i dostupnost Kako mogu rezervisati vozilo preko Yes.ba? Rezervaciju mo\u017eete izvr\u0161iti direktno putem na\u0161e web stranice u samo nekoliko klikova. Odaberite mjesto preuzimanja i vra\u0107anja vozila, unesite datume i potvrdite rezervaciju. Da li moram rezervisati unaprijed? Preporu\u010dujemo da rezervaciju izvr\u0161ite ranije, posebno u periodima najve\u0107e potra\u017enje. Ipak, podr\u017eavamo i rezervacije [&hellip;]","og_url":"https:\/\/yes.ba\/bs\/cesta-pitanja\/","og_site_name":"Yes Rent a Car \u2013 100% Trusted Car Rental in Bosnia and Herzegovina","article_modified_time":"2025-09-17T14:28:09+00:00","twitter_card":"summary_large_image","twitter_misc":{"Est. reading time":"3 minute"},"schema":{"@context":"https:\/\/schema.org","@graph":[{"@type":"WebPage","@id":"https:\/\/yes.ba\/bs\/cesta-pitanja\/","url":"https:\/\/yes.ba\/bs\/cesta-pitanja\/","name":"\u010cesta pitanja - Yes Rent a Car \u2013 100% Trusted Car Rental in Bosnia and Herzegovina","isPartOf":{"@id":"https:\/\/yes.ba\/bs\/#website"},"datePublished":"2024-01-08T11:13:19+00:00","dateModified":"2025-09-17T14:28:09+00:00","breadcrumb":{"@id":"https:\/\/yes.ba\/bs\/cesta-pitanja\/#breadcrumb"},"inLanguage":"bs-BA","potentialAction":[{"@type":"ReadAction","target":["https:\/\/yes.ba\/bs\/cesta-pitanja\/"]}]},{"@type":"BreadcrumbList","@id":"https:\/\/yes.ba\/bs\/cesta-pitanja\/#breadcrumb","itemListElement":[{"@type":"ListItem","position":1,"name":"Home","item":"https:\/\/yes.ba\/bs\/"},{"@type":"ListItem","position":2,"name":"\u010cesta pitanja"}]},{"@type":"WebSite","@id":"https:\/\/yes.ba\/bs\/#website","url":"https:\/\/yes.ba\/bs\/","name":"yes.ba","description":"","potentialAction":[{"@type":"SearchAction","target":{"@type":"EntryPoint","urlTemplate":"https:\/\/yes.ba\/bs\/?s={search_term_string}"},"query-input":{"@type":"PropertyValueSpecification","valueRequired":true,"valueName":"search_term_string"}}],"inLanguage":"bs-BA"}]}},"_links":{"self":[{"href":"https:\/\/yes.ba\/bs\/wp-json\/wp\/v2\/pages\/507069","targetHints":{"allow":["GET"]}}],"collection":[{"href":"https:\/\/yes.ba\/bs\/wp-json\/wp\/v2\/pages"}],"about":[{"href":"https:\/\/yes.ba\/bs\/wp-json\/wp\/v2\/types\/page"}],"author":[{"embeddable":true,"href":"https:\/\/yes.ba\/bs\/wp-json\/wp\/v2\/users\/1"}],"replies":[{"embeddable":true,"href":"https:\/\/yes.ba\/bs\/wp-json\/wp\/v2\/comments?post=507069"}],"version-history":[{"count":28,"href":"https:\/\/yes.ba\/bs\/wp-json\/wp\/v2\/pages\/507069\/revisions"}],"predecessor-version":[{"id":507245,"href":"https:\/\/yes.ba\/bs\/wp-json\/wp\/v2\/pages\/507069\/revisions\/507245"}],"wp:attachment":[{"href":"https:\/\/yes.ba\/bs\/wp-json\/wp\/v2\/media?parent=507069"}],"curies":[{"name":"wp","href":"https:\/\/api.w.org\/{rel}","templated":true}]}}